{"id":612,"date":"2020-12-22T07:43:51","date_gmt":"2020-12-22T07:43:51","guid":{"rendered":"http:\/\/sw-themes.com\/porto_dummy\/cleaning-services\/?page_id=612"},"modified":"2022-10-11T08:45:53","modified_gmt":"2022-10-11T08:45:53","slug":"iletisim","status":"publish","type":"page","link":"https:\/\/suadiyebilisim.com\/index.php\/iletisim\/","title":{"rendered":"\u0130leti\u015fim"},"content":{"rendered":"<p>[vc_row equal_height=&#8221;yes&#8221; wrap_container=&#8221;yes&#8221; css=&#8221;.vc_custom_1608685986346{background-color: #f7f7f7 !important;}&#8221;][vc_column el_class=&#8221;contact-info&#8221; offset=&#8221;vc_col-lg-7 vc_col-md-7&#8243;][vc_row_inner el_class=&#8221;py-5 my-5&#8243;][vc_column_inner width=&#8221;1\/2&#8243;][vc_custom_heading text=&#8221;Bize Ula\u015f\u0131n&#8221; font_container=&#8221;tag:h2|font_size:1.8em|text_align:left|line_height:42px&#8221; use_theme_fonts=&#8221;yes&#8221; font_weight=&#8221;700&#8243; skin=&#8221;secondary&#8221; el_class=&#8221;mb-3&#8243;]<div class=\"porto-u-heading  wpb_custom_95aa9a11c17ad45cfabaf210d84ee7cc\" data-hspacer=\"no_spacer\" data-halign=\"left\" style=\"text-align:left\"><div class=\"porto-u-main-heading\"><h3   style=\"font-weight:700;color:#183f72;font-size:1em;line-height:24px;\">Telefon<\/h3><\/div><div class=\"porto-u-sub-heading\" style=\"color: #777777;margin-bottom:24px;\">+90 0216 328 98 85<\/div><\/div><div class=\"porto-u-heading  wpb_custom_95aa9a11c17ad45cfabaf210d84ee7cc\" data-hspacer=\"no_spacer\" data-halign=\"left\" style=\"text-align:left\"><div class=\"porto-u-main-heading\"><h3   style=\"font-weight:700;color:#183f72;font-size:1em;line-height:24px;\">Fax<\/h3><\/div><div class=\"porto-u-sub-heading\" style=\"color: #777777;margin-bottom:24px;\"><a href=\"tel:+9002166129188\">+90 0216 612 91 88<\/a><\/div><\/div><div class=\"porto-u-heading  wpb_custom_95aa9a11c17ad45cfabaf210d84ee7cc\" data-hspacer=\"no_spacer\" data-halign=\"left\" style=\"text-align:left\"><div class=\"porto-u-main-heading\"><h3   style=\"font-weight:700;color:#183f72;font-size:1em;line-height:24px;\">\u00c7al\u0131\u015fma Saatleri<\/h3><\/div><div class=\"porto-u-sub-heading\" style=\"color: #777777;margin-bottom:20px;\">Pazartesi &#8211; Cuma : 8:30 &#8211; 19:00<br \/>\nPazar &#8211; KAPALI<\/div><\/div>[\/vc_column_inner][vc_column_inner width=&#8221;1\/2&#8243;][vc_custom_heading text=&#8221;Adres ve Email&#8221; font_container=&#8221;tag:h2|font_size:1.8em|text_align:left|line_height:42px&#8221; use_theme_fonts=&#8221;yes&#8221; font_weight=&#8221;700&#8243; skin=&#8221;secondary&#8221; el_class=&#8221;mb-3&#8243;]<div class=\"porto-u-heading  wpb_custom_95aa9a11c17ad45cfabaf210d84ee7cc\" data-hspacer=\"no_spacer\" data-halign=\"left\" style=\"text-align:left\"><div class=\"porto-u-main-heading\"><h3   style=\"font-weight:700;color:#183f72;font-size:1em;line-height:24px;\">Adres<\/h3><\/div><div class=\"porto-u-sub-heading\" style=\"color: #777777;margin-bottom:20px;\">Fatih Sultan Mehmet Mah.<br \/>\nBalkan Cad. No :8 D:7<br \/>\n\u00dcmraniye \/ \u0130stanbul<\/div><\/div><div class=\"porto-u-heading  wpb_custom_95aa9a11c17ad45cfabaf210d84ee7cc\" data-hspacer=\"no_spacer\" data-halign=\"left\" style=\"text-align:left\"><div class=\"porto-u-main-heading\"><h3   style=\"font-weight:700;color:#183f72;font-size:1em;line-height:24px;\">Email<\/h3><\/div><div class=\"porto-u-sub-heading\" style=\"color: #777777;\"><a href=\"mailto:bilgi@suadiyedenetim.com.tr\">info@suadiyebilisim.com<\/a><\/div><\/div>[\/vc_column_inner][\/vc_row_inner][\/vc_column][vc_column el_class=&#8221;fluid-col-lg-5&#8243; offset=&#8221;vc_col-lg-5 vc_col-md-5&#8243;][vc_gmaps link=&#8221;#E-8_JTNDaWZyYW1lJTIwc3JjJTNEJTIyaHR0cHMlM0ElMkYlMkZ3d3cuZ29vZ2xlLmNvbSUyRm1hcHMlMkZlbWJlZCUzRnBiJTNEJTIxMW0xNCUyMTFtOCUyMTFtMyUyMTFkMzAxMC4xNjQwODM3NTExNzc3JTIxMmQyOS4xMjIzNTg5OTk5OTk5OTYlMjEzZDQxLjAyMTY2NiUyMTNtMiUyMTFpMTAyNCUyMTJpNzY4JTIxNGYxMy4xJTIxM20zJTIxMW0yJTIxMXMweDE0Y2FjOGRiN2EzMjEyYjUlMjUzQTB4MWZmZDE5YmQyMTBlYTgzMiUyMTJzRmF0aWglMjUyMFN1bHRhbiUyNTIwTWVobWV0JTI1MkMlMjUyMEJhbGthbiUyNTIwQ2QuJTI1MjBObyUyNTNBOCUyNTJDJTI1MjAzNDc3MSUyNTIwRHVkdWxsdSUyNTIwT3NiJTI1MkYlMjVDMyUyNTlDbXJhbml5ZSUyNTJGJTI1QzQlMjVCMHN0YW5idWwlMjE1ZTAlMjEzbTIlMjExc3RyJTIxMnN0ciUyMTR2MTY0Mzk5NzY5MTYxNyUyMTVtMiUyMTFzdHIlMjEyc3RyJTIyJTIwd2lkdGglM0QlMjIxMDAlMjUlMjIlMjBoZWlnaHQlM0QlMjI0NTAlMjIlMjBzdHlsZSUzRCUyMmJvcmRlciUzQTAlM0IlMjIlMjBhbGxvd2Z1bGxzY3JlZW4lM0QlMjIlMjIlMjBsb2FkaW5nJTNEJTIybGF6eSUyMiUzRSUzQyUyRmlmcmFtZSUzRQ==&#8221;][\/vc_column][\/vc_row][vc_row wrap_container=&#8221;yes&#8221; el_class=&#8221;py-5 mt-5&#8243;][vc_column][vc_separator color=&#8221;custom&#8221; border_width=&#8221;3&#8243; css_animation=&#8221;slideInLeft&#8221; style=&#8221;solid&#8221; el_class=&#8221;custom-border customLineAnimation d-inline-block mr-3 mb-1&#8243; accent_color=&#8221;#00a1cd&#8221;][vc_custom_heading text=&#8221;Bize Yaz\u0131n&#8221; font_container=&#8221;tag:h3|font_size:2.3em|text_align:left|color:%23183f72|line_height:1.2&#8243; use_theme_fonts=&#8221;yes&#8221; font_weight=&#8221;700&#8243; skin=&#8221;secondary&#8221; letter_spacing=&#8221;-.05em&#8221; animation_delay=&#8221;1200&#8243; el_class=&#8221;pb-2 mb-4&#8243; animation_type=&#8221;fadeInUp&#8221;][vc_raw_html el_class=&#8221;contact-section mb-0 pb-5&#8243;]JTVCY29udGFjdC1mb3JtLTclMjBpZCUzRCUyMjYyOCUyMiUyMHRpdGxlJTNEJTIyQ29udGFjdCUyMFVzJTIyJTVE[\/vc_raw_html][\/vc_column][\/vc_row]<\/p>\n","protected":false},"excerpt":{"rendered":"<p>[vc_row equal_height=&#8221;yes&#8221; wrap_container=&#8221;yes&#8221; css=&#8221;.vc_custom_1608685986346{background-color: #f7f7f7 !important;}&#8221;][vc_column el_class=&#8221;contact-info&#8221; offset=&#8221;vc_col-lg-7 vc_col-md-7&#8243;][vc_row_inner el_class=&#8221;py-5 my-5&#8243;][vc_column_inner width=&#8221;1\/2&#8243;][vc_custom_heading text=&#8221;Bize Ula\u015f\u0131n&#8221; font_container=&#8221;tag:h2|font_size:1.8em|text_align:left|line_height:42px&#8221; use_theme_fonts=&#8221;yes&#8221; font_weight=&#8221;700&#8243; skin=&#8221;secondary&#8221; el_class=&#8221;mb-3&#8243;][\/vc_column_inner][vc_column_inner width=&#8221;1\/2&#8243;][vc_custom_heading text=&#8221;Adres ve Email&#8221; font_container=&#8221;tag:h2|font_size:1.8em|text_align:left|line_height:42px&#8221; use_theme_fonts=&#8221;yes&#8221; font_weight=&#8221;700&#8243; skin=&#8221;secondary&#8221; el_class=&#8221;mb-3&#8243;][\/vc_column_inner][\/vc_row_inner][\/vc_column][vc_column el_class=&#8221;fluid-col-lg-5&#8243; offset=&#8221;vc_col-lg-5 vc_col-md-5&#8243;][vc_gmaps link=&#8221;#E-8_JTNDaWZyYW1lJTIwc3JjJTNEJTIyaHR0cHMlM0ElMkYlMkZ3d3cuZ29vZ2xlLmNvbSUyRm1hcHMlMkZlbWJlZCUzRnBiJTNEJTIxMW0xNCUyMTFtOCUyMTFtMyUyMTFkMzAxMC4xNjQwODM3NTExNzc3JTIxMmQyOS4xMjIzNTg5OTk5OTk5OTYlMjEzZDQxLjAyMTY2NiUyMTNtMiUyMTFpMTAyNCUyMTJpNzY4JTIxNGYxMy4xJTIxM20zJTIxMW0yJTIxMXMweDE0Y2FjOGRiN2EzMjEyYjUlMjUzQTB4MWZmZDE5YmQyMTBlYTgzMiUyMTJzRmF0aWglMjUyMFN1bHRhbiUyNTIwTWVobWV0JTI1MkMlMjUyMEJhbGthbiUyNTIwQ2QuJTI1MjBObyUyNTNBOCUyNTJDJTI1MjAzNDc3MSUyNTIwRHVkdWxsdSUyNTIwT3NiJTI1MkYlMjVDMyUyNTlDbXJhbml5ZSUyNTJGJTI1QzQlMjVCMHN0YW5idWwlMjE1ZTAlMjEzbTIlMjExc3RyJTIxMnN0ciUyMTR2MTY0Mzk5NzY5MTYxNyUyMTVtMiUyMTFzdHIlMjEyc3RyJTIyJTIwd2lkdGglM0QlMjIxMDAlMjUlMjIlMjBoZWlnaHQlM0QlMjI0NTAlMjIlMjBzdHlsZSUzRCUyMmJvcmRlciUzQTAlM0IlMjIlMjBhbGxvd2Z1bGxzY3JlZW4lM0QlMjIlMjIlMjBsb2FkaW5nJTNEJTIybGF6eSUyMiUzRSUzQyUyRmlmcmFtZSUzRQ==&#8221;][\/vc_column][\/vc_row][vc_row wrap_container=&#8221;yes&#8221; el_class=&#8221;py-5 mt-5&#8243;][vc_column][vc_separator color=&#8221;custom&#8221; border_width=&#8221;3&#8243; css_animation=&#8221;slideInLeft&#8221; style=&#8221;solid&#8221; el_class=&#8221;custom-border customLineAnimation d-inline-block mr-3 mb-1&#8243; accent_color=&#8221;#00a1cd&#8221;][vc_custom_heading text=&#8221;Bize Yaz\u0131n&#8221; font_container=&#8221;tag:h3|font_size:2.3em|text_align:left|color:%23183f72|line_height:1.2&#8243; use_theme_fonts=&#8221;yes&#8221; font_weight=&#8221;700&#8243; skin=&#8221;secondary&#8221; letter_spacing=&#8221;-.05em&#8221; animation_delay=&#8221;1200&#8243; el_class=&#8221;pb-2 mb-4&#8243; [&hellip;]<\/p>\n","protected":false},"author":1,"featured_media":0,"parent":0,"menu_order":0,"comment_status":"closed","ping_status":"closed","template":"","meta":{"footnotes":""},"class_list":["post-612","page","type-page","status-publish","hentry"],"_links":{"self":[{"href":"https:\/\/suadiyebilisim.com\/index.php\/wp-json\/wp\/v2\/pages\/612","targetHints":{"allow":["GET"]}}],"collection":[{"href":"https:\/\/suadiyebilisim.com\/index.php\/wp-json\/wp\/v2\/pages"}],"about":[{"href":"https:\/\/suadiyebilisim.com\/index.php\/wp-json\/wp\/v2\/types\/page"}],"author":[{"embeddable":true,"href":"https:\/\/suadiyebilisim.com\/index.php\/wp-json\/wp\/v2\/users\/1"}],"replies":[{"embeddable":true,"href":"https:\/\/suadiyebilisim.com\/index.php\/wp-json\/wp\/v2\/comments?post=612"}],"version-history":[{"count":8,"href":"https:\/\/suadiyebilisim.com\/index.php\/wp-json\/wp\/v2\/pages\/612\/revisions"}],"predecessor-version":[{"id":1327,"href":"https:\/\/suadiyebilisim.com\/index.php\/wp-json\/wp\/v2\/pages\/612\/revisions\/1327"}],"wp:attachment":[{"href":"https:\/\/suadiyebilisim.com\/index.php\/wp-json\/wp\/v2\/media?parent=612"}],"curies":[{"name":"wp","href":"https:\/\/api.w.org\/{rel}","templated":true}]}}