{"id":552,"date":"2020-12-22T05:15:56","date_gmt":"2020-12-22T05:15:56","guid":{"rendered":"http:\/\/sw-themes.com\/porto_dummy\/cleaning-services\/?page_id=552"},"modified":"2022-02-04T19:58:35","modified_gmt":"2022-02-04T19:58:35","slug":"hizmetler","status":"publish","type":"page","link":"https:\/\/suadiyebilisim.com\/index.php\/hizmetler\/","title":{"rendered":"Hizmetler"},"content":{"rendered":"<p>[vc_row wrap_container=&#8221;yes&#8221; el_class=&#8221;mt-lg-4&#8243; css=&#8221;.vc_custom_1608673034435{padding-top: 50px !important;}&#8221;][vc_column el_class=&#8221;pb-2 mb-4&#8243;][vc_single_image image=&#8221;878&#8243; img_size=&#8221;full&#8221; alignment=&#8221;center&#8221; label=&#8221;&#8221;][vc_column_text]<\/p>\n<ul>\n<li>Firmalar\u0131n muhasebe kay\u0131tlar\u0131n\u0131n Tek D\u00fczen Hesap Plan\u0131na g\u00f6re haz\u0131rlanmas\u0131,<\/li>\n<li>Al\u0131\u015f, Gider ve Sat\u0131\u015f faturalar\u0131 ile \u015firket faaliyetlerine ili\u015fkin Kasa, Banka ve Cari Hesap hareketlerinin muhasebe sistemine girilmesi,<\/li>\n<li>\u0130lgili vergi kanunlar\u0131na g\u00f6re muhasebe kay\u0131tlar\u0131n\u0131n \u00a0kontrollerinin yap\u0131lmas\u0131,<\/li>\n<li>Kasa, banka, m\u00fc\u015fteri ve sat\u0131c\u0131 hesap \u00a0mutabakatlar\u0131n\u0131n yap\u0131larak do\u011frulu\u011funun test edilmesi,<\/li>\n<li>Ayl\u0131k, \u00fc\u00e7er ayl\u0131k ve y\u0131ll\u0131k olmak \u00fczere d\u00f6nem sonu kapan\u0131\u015flar\u0131n\u0131n yap\u0131lmas\u0131 ve \u00a0firmalar\u0131n tek d\u00fczen hesap plan\u0131na uygun mali tablolar\u0131n\u0131n haz\u0131rlanmas\u0131 (bilan\u00e7o, gelir \u00a0tablosu, nakit ak\u0131m tablosu vb.),<\/li>\n<li>Ayl\u0131k, \u00fc\u00e7 ayl\u0131k ve y\u0131ll\u0131k olmak \u00fczere t\u00fcm vergi beyannamelerinin (Kurumlar Vergisi, \u00a0Gelir Vergisi (Stopaj), KDV, Damga Vergisi, Ge\u00e7ici Kurumlar Vergisi) haz\u0131rlanmas\u0131, tahakkuklar\u0131n\u0131n al\u0131nmas\u0131,<\/li>\n<li>Merkez, i\u015fyeri ve\/veya \u015fubeye ili\u015fkin Vergi Daireleri, SSK ve B\u00f6lge \u00c7al\u0131\u015fma \u00a0M\u00fcd\u00fcrl\u00fckleri a\u00e7\u0131l\u0131\u015f i\u015flemlerinin yap\u0131lmas\u0131, sicil numaras\u0131 al\u0131nmas\u0131,<br \/>\ne-bildirge a\u00e7\u0131l\u0131\u015f\u0131n\u0131n yap\u0131larak e-bildirge \u015fifrelerinin al\u0131nmas\u0131,<\/li>\n<li>Ayl\u0131k SSK bildirgelerinin haz\u0131rlanmas\u0131, tahakkuklar\u0131n\u0131n al\u0131nmas\u0131 (bordrolama hizmeti verilen m\u00fc\u015fteriler i\u00e7in veya \u015firketin haz\u0131rlad\u0131\u011f\u0131 bilgiler \u0131\u015f\u0131\u011f\u0131nda),<\/li>\n<li>Ayl\u0131k, \u00fc\u00e7er ayl\u0131k ve y\u0131ll\u0131k beyannamelerle elektronik ortamda tahakkuklar\u0131 al\u0131nm\u0131\u015f \u00a0vergi ve sigorta primlerinin \u00f6demelerinin yap\u0131lmas\u0131 i\u00e7in m\u00fc\u015fteriye iletilmesi,<\/li>\n<li>Hazineye veya ilgili Bakanl\u0131klara g\u00f6nderilmesi gereken y\u0131ll\u0131k faaliyet raporlar\u0131n\u0131n \u00a0haz\u0131rlan\u0131p, m\u00fc\u015fteriden onay\u0131 al\u0131nd\u0131ktan sonra ilgili kuruma g\u00f6nderilmesi.<\/li>\n<\/ul>\n<p>[\/vc_column_text][\/vc_column][\/vc_row]<\/p>\n","protected":false},"excerpt":{"rendered":"<p>[vc_row wrap_container=&#8221;yes&#8221; el_class=&#8221;mt-lg-4&#8243; css=&#8221;.vc_custom_1608673034435{padding-top: 50px !important;}&#8221;][vc_column el_class=&#8221;pb-2 mb-4&#8243;][vc_single_image image=&#8221;878&#8243; img_size=&#8221;full&#8221; alignment=&#8221;center&#8221; label=&#8221;&#8221;][vc_column_text] Firmalar\u0131n muhasebe kay\u0131tlar\u0131n\u0131n Tek D\u00fczen Hesap Plan\u0131na g\u00f6re haz\u0131rlanmas\u0131, Al\u0131\u015f, Gider ve Sat\u0131\u015f faturalar\u0131 ile \u015firket faaliyetlerine ili\u015fkin Kasa, Banka ve Cari Hesap hareketlerinin muhasebe sistemine girilmesi, \u0130lgili vergi kanunlar\u0131na g\u00f6re muhasebe kay\u0131tlar\u0131n\u0131n \u00a0kontrollerinin yap\u0131lmas\u0131, Kasa, banka, m\u00fc\u015fteri ve sat\u0131c\u0131 hesap \u00a0mutabakatlar\u0131n\u0131n yap\u0131larak [&hellip;]<\/p>\n","protected":false},"author":1,"featured_media":0,"parent":0,"menu_order":0,"comment_status":"closed","ping_status":"closed","template":"","meta":{"footnotes":""},"class_list":["post-552","page","type-page","status-publish","hentry"],"_links":{"self":[{"href":"https:\/\/suadiyebilisim.com\/index.php\/wp-json\/wp\/v2\/pages\/552","targetHints":{"allow":["GET"]}}],"collection":[{"href":"https:\/\/suadiyebilisim.com\/index.php\/wp-json\/wp\/v2\/pages"}],"about":[{"href":"https:\/\/suadiyebilisim.com\/index.php\/wp-json\/wp\/v2\/types\/page"}],"author":[{"embeddable":true,"href":"https:\/\/suadiyebilisim.com\/index.php\/wp-json\/wp\/v2\/users\/1"}],"replies":[{"embeddable":true,"href":"https:\/\/suadiyebilisim.com\/index.php\/wp-json\/wp\/v2\/comments?post=552"}],"version-history":[{"count":5,"href":"https:\/\/suadiyebilisim.com\/index.php\/wp-json\/wp\/v2\/pages\/552\/revisions"}],"predecessor-version":[{"id":879,"href":"https:\/\/suadiyebilisim.com\/index.php\/wp-json\/wp\/v2\/pages\/552\/revisions\/879"}],"wp:attachment":[{"href":"https:\/\/suadiyebilisim.com\/index.php\/wp-json\/wp\/v2\/media?parent=552"}],"curies":[{"name":"wp","href":"https:\/\/api.w.org\/{rel}","templated":true}]}}