{"id":506,"date":"2020-12-22T02:16:27","date_gmt":"2020-12-22T02:16:27","guid":{"rendered":"http:\/\/sw-themes.com\/porto_dummy\/cleaning-services\/?page_id=506"},"modified":"2022-10-11T09:36:39","modified_gmt":"2022-10-11T09:36:39","slug":"hakkimizda-2","status":"publish","type":"page","link":"https:\/\/suadiyebilisim.com\/index.php\/hakkimizda-2\/","title":{"rendered":"Hakk\u0131m\u0131zda"},"content":{"rendered":"<p>[vc_row content_placement=&#8221;middle&#8221; wrap_container=&#8221;yes&#8221; css=&#8221;.vc_custom_1643999873071{padding-top: 50px !important;}&#8221; el_class=&#8221;align-items-center&#8221;][vc_column el_class=&#8221;mb-5 mb-lg-4&#8243; offset=&#8221;vc_col-lg-5 vc_col-md-5&#8243;][vc_separator color=&#8221;custom&#8221; border_width=&#8221;3&#8243; css_animation=&#8221;slideInLeft&#8221; style=&#8221;solid&#8221; el_class=&#8221;custom-border customLineAnimation d-inline-block mr-3 mb-1&#8243; accent_color=&#8221;#00a1cd&#8221;][vc_custom_heading text=&#8221;SUAD\u0130YE B\u0130L\u0130\u015e\u0130M&#8221; font_container=&#8221;tag:h4|font_size:1.2em|text_align:left|color:%2300a1cd|line_height:1.3&#8243; use_theme_fonts=&#8221;yes&#8221; text_transform=&#8221;text-uppercase&#8221; font_weight=&#8221;600&#8243; animation_delay=&#8221;1000&#8243; el_class=&#8221;mb-2 d-inline-block&#8221; animation_type=&#8221;fadeInLeft&#8221;][vc_custom_heading text=&#8221;Hakk\u0131m\u0131zda&#8221; font_container=&#8221;tag:h3|font_size:2.75em|text_align:left|color:%2300a1cd|line_height:1.2&#8243; use_theme_fonts=&#8221;yes&#8221; font_weight=&#8221;700&#8243; skin=&#8221;secondary&#8221; letter_spacing=&#8221;-.05em&#8221; animation_delay=&#8221;1200&#8243; el_class=&#8221;custom-heading1 mb-4&#8243; animation_type=&#8221;fadeInUp&#8221;][vc_custom_heading text=&#8221;Suadiye Bili\u015fim e-D\u00f6n\u00fc\u015f\u00fcm tek adresi !&#8221; font_container=&#8221;tag:p|text_align:left|color:%23777777|line_height:26px&#8221; use_theme_fonts=&#8221;yes&#8221; font_weight=&#8221;400&#8243; letter_spacing=&#8221;0px&#8221; animation_delay=&#8221;1600&#8243; el_class=&#8221;mb-4&#8243; animation_type=&#8221;fadeInUp&#8221;][\/vc_column][vc_column animation_delay=&#8221;2000&#8243; el_class=&#8221;position-relative pl-sm-5 pl-lg-0 mb-lg-4&#8243; offset=&#8221;vc_col-lg-6 vc_col-md-6 vc_col-xs-10&#8243; css=&#8221;.vc_custom_1608667022147{margin-left: 8.333333% !important;}&#8221; animation_type=&#8221;fadeInRight&#8221;][vc_single_image image=&#8221;147&#8243; img_size=&#8221;full&#8221; style=&#8221;vc_box_circle_2&#8243; animation_delay=&#8221;2600&#8243; floating_start_pos=&#8221;top&#8221; floating_speed=&#8221;9.8&#8243; el_class=&#8221;custom-box-shadow-1 mb-0&#8243;]<div class=\"porto-ultimate-content-box-container custom-absolute-img\"><style>#porto_ucb_2044{will-change: box-shadow;box-shadow: none;}<\/style><div class=\"porto-ultimate-content-box\" style=\"\" id=\"porto_ucb_2044\">[vc_single_image image=&#8221;1186&#8243; img_size=&#8221;full&#8221; style=&#8221;vc_box_circle_2&#8243; animation_delay=&#8221;2200&#8243; floating_start_pos=&#8221;top&#8221; floating_speed=&#8221;9.8&#8243; el_class=&#8221;custom-box-shadow-1 mb-0&#8243;]<\/div><\/div>[\/vc_column][\/vc_row]<\/p>\n","protected":false},"excerpt":{"rendered":"<p>[vc_row content_placement=&#8221;middle&#8221; wrap_container=&#8221;yes&#8221; css=&#8221;.vc_custom_1643999873071{padding-top: 50px !important;}&#8221; el_class=&#8221;align-items-center&#8221;][vc_column el_class=&#8221;mb-5 mb-lg-4&#8243; offset=&#8221;vc_col-lg-5 vc_col-md-5&#8243;][vc_separator color=&#8221;custom&#8221; border_width=&#8221;3&#8243; css_animation=&#8221;slideInLeft&#8221; style=&#8221;solid&#8221; el_class=&#8221;custom-border customLineAnimation d-inline-block mr-3 mb-1&#8243; accent_color=&#8221;#00a1cd&#8221;][vc_custom_heading text=&#8221;SUAD\u0130YE B\u0130L\u0130\u015e\u0130M&#8221; font_container=&#8221;tag:h4|font_size:1.2em|text_align:left|color:%2300a1cd|line_height:1.3&#8243; use_theme_fonts=&#8221;yes&#8221; text_transform=&#8221;text-uppercase&#8221; font_weight=&#8221;600&#8243; animation_delay=&#8221;1000&#8243; el_class=&#8221;mb-2 d-inline-block&#8221; animation_type=&#8221;fadeInLeft&#8221;][vc_custom_heading text=&#8221;Hakk\u0131m\u0131zda&#8221; font_container=&#8221;tag:h3|font_size:2.75em|text_align:left|color:%2300a1cd|line_height:1.2&#8243; use_theme_fonts=&#8221;yes&#8221; font_weight=&#8221;700&#8243; skin=&#8221;secondary&#8221; letter_spacing=&#8221;-.05em&#8221; animation_delay=&#8221;1200&#8243; el_class=&#8221;custom-heading1 mb-4&#8243; animation_type=&#8221;fadeInUp&#8221;][vc_custom_heading text=&#8221;Suadiye Bili\u015fim e-D\u00f6n\u00fc\u015f\u00fcm tek adresi !&#8221; font_container=&#8221;tag:p|text_align:left|color:%23777777|line_height:26px&#8221; use_theme_fonts=&#8221;yes&#8221; font_weight=&#8221;400&#8243; letter_spacing=&#8221;0px&#8221; animation_delay=&#8221;1600&#8243; el_class=&#8221;mb-4&#8243; animation_type=&#8221;fadeInUp&#8221;][\/vc_column][vc_column animation_delay=&#8221;2000&#8243; [&hellip;]<\/p>\n","protected":false},"author":1,"featured_media":0,"parent":0,"menu_order":0,"comment_status":"closed","ping_status":"closed","template":"","meta":{"footnotes":""},"class_list":["post-506","page","type-page","status-publish","hentry"],"_links":{"self":[{"href":"https:\/\/suadiyebilisim.com\/index.php\/wp-json\/wp\/v2\/pages\/506","targetHints":{"allow":["GET"]}}],"collection":[{"href":"https:\/\/suadiyebilisim.com\/index.php\/wp-json\/wp\/v2\/pages"}],"about":[{"href":"https:\/\/suadiyebilisim.com\/index.php\/wp-json\/wp\/v2\/types\/page"}],"author":[{"embeddable":true,"href":"https:\/\/suadiyebilisim.com\/index.php\/wp-json\/wp\/v2\/users\/1"}],"replies":[{"embeddable":true,"href":"https:\/\/suadiyebilisim.com\/index.php\/wp-json\/wp\/v2\/comments?post=506"}],"version-history":[{"count":10,"href":"https:\/\/suadiyebilisim.com\/index.php\/wp-json\/wp\/v2\/pages\/506\/revisions"}],"predecessor-version":[{"id":1334,"href":"https:\/\/suadiyebilisim.com\/index.php\/wp-json\/wp\/v2\/pages\/506\/revisions\/1334"}],"wp:attachment":[{"href":"https:\/\/suadiyebilisim.com\/index.php\/wp-json\/wp\/v2\/media?parent=506"}],"curies":[{"name":"wp","href":"https:\/\/api.w.org\/{rel}","templated":true}]}}