{"id":1237,"date":"2022-02-14T20:18:48","date_gmt":"2022-02-14T20:18:48","guid":{"rendered":"https:\/\/suadiyedenetim.com.tr\/bilisim\/?page_id=1237"},"modified":"2022-02-14T20:18:48","modified_gmt":"2022-02-14T20:18:48","slug":"sektorel-cozumler","status":"publish","type":"page","link":"https:\/\/suadiyebilisim.com\/index.php\/hizmetler\/sektorel-cozumler\/","title":{"rendered":"Sekt\u00f6rel \u00c7\u00f6z\u00fcmler"},"content":{"rendered":"","protected":false},"excerpt":{"rendered":"","protected":false},"author":1,"featured_media":0,"parent":552,"menu_order":0,"comment_status":"closed","ping_status":"closed","template":"","meta":{"footnotes":""},"class_list":["post-1237","page","type-page","status-publish","hentry"],"_links":{"self":[{"href":"https:\/\/suadiyebilisim.com\/index.php\/wp-json\/wp\/v2\/pages\/1237","targetHints":{"allow":["GET"]}}],"collection":[{"href":"https:\/\/suadiyebilisim.com\/index.php\/wp-json\/wp\/v2\/pages"}],"about":[{"href":"https:\/\/suadiyebilisim.com\/index.php\/wp-json\/wp\/v2\/types\/page"}],"author":[{"embeddable":true,"href":"https:\/\/suadiyebilisim.com\/index.php\/wp-json\/wp\/v2\/users\/1"}],"replies":[{"embeddable":true,"href":"https:\/\/suadiyebilisim.com\/index.php\/wp-json\/wp\/v2\/comments?post=1237"}],"version-history":[{"count":1,"href":"https:\/\/suadiyebilisim.com\/index.php\/wp-json\/wp\/v2\/pages\/1237\/revisions"}],"predecessor-version":[{"id":1238,"href":"https:\/\/suadiyebilisim.com\/index.php\/wp-json\/wp\/v2\/pages\/1237\/revisions\/1238"}],"up":[{"embeddable":true,"href":"https:\/\/suadiyebilisim.com\/index.php\/wp-json\/wp\/v2\/pages\/552"}],"wp:attachment":[{"href":"https:\/\/suadiyebilisim.com\/index.php\/wp-json\/wp\/v2\/media?parent=1237"}],"curies":[{"name":"wp","href":"https:\/\/api.w.org\/{rel}","templated":true}]}}