{"id":1235,"date":"2022-02-14T20:18:25","date_gmt":"2022-02-14T20:18:25","guid":{"rendered":"https:\/\/suadiyedenetim.com.tr\/bilisim\/?page_id=1235"},"modified":"2022-02-17T19:58:52","modified_gmt":"2022-02-17T19:58:52","slug":"bulut-yedekleme","status":"publish","type":"page","link":"https:\/\/suadiyebilisim.com\/index.php\/hizmetler\/bulut-yedekleme\/","title":{"rendered":"Bulut Yedekleme"},"content":{"rendered":"<p>T\u00fcm verilerinizin yan\u0131 s\u0131ra yasal ge\u00e7erli belgelerinizin taranm\u0131\u015f kopyalar\u0131n\u0131 da, online eri\u015fime a\u00e7\u0131k, geli\u015ftirilmi\u015f \u00fcst d\u00fczey g\u00fcvenlikle sorunsuz bir \u015fekilde yedekleyen ERP programlar\u0131yla uyumlu \u00e7al\u0131\u015fan bir Suadiye Bili\u015fim hizmetidir.<\/p>\n<h4>NEDEN SUAD\u0130YE B\u0130L\u0130\u015e\u0130M BULUT YEDEKLEME?<\/h4>\n<h4>ANINDA ER\u0130\u015e\u0130M, KOLAY KULLANIM<\/h4>\n<p>T\u00fcm belgelerini g\u00fcvenli bir ortamda saklayabilir, verilerinize istedi\u011finiz yerden 7\/24 ula\u015f\u0131labilir, istedi\u011finiz her an veri y\u00fckleyebilirsiniz. %98 depository ar\u015fiv metoduyla y\u00fcksek s\u0131k\u0131\u015ft\u0131rma ve h\u0131zl\u0131 mobil eri\u015fim sa\u011flar.<\/p>\n<h4>ZAMANLI YEDEKLEME<\/h4>\n<p>\u0130ste\u011finize g\u00f6re online incremental ya da ayarlanm\u0131\u015f zamanl\u0131 yedekleme sa\u011flar.<\/p>\n<h4>BAS\u0130T ARA Y\u00dcZ<\/h4>\n<p>Basit ara y\u00fcz\u00fc ile sizleri yormaz, i\u015flemlerinizi h\u0131zland\u0131rman\u0131z i\u00e7in kolay kullan\u0131m sunar.<\/p>\n<h4>G\u00dcVENL\u0130 SAKLAMA<\/h4>\n<p>Y\u00fcksek g\u00fcvenlikli ve ISO sertifikal\u0131 sunucularda, Suadiye ve Ankara&#8217;da 4 yedeklemeli olarak saklan\u0131r.<\/p>\n<h4>BULUT YEDEKLEME VE AVANTAJLARI<\/h4>\n<p>Suadiye Bili\u015fim Bulut Yedekleme hizmetini alman\u0131z durumunda mesela mali m\u00fc\u015favirler muhasebelerini, avukatlar t\u00fcm belge ve verilerini, veri taban\u0131 ve programlar\u0131yla (Windows, SQL, Oracle vb) birlikte g\u00fcvenli bir \u015fekilde yedekleyebilirler.<\/p>\n<p>Yukar\u0131da belirtilen hizmetlerin tamam\u0131n\u0131 tek kullan\u0131c\u0131 ad\u0131, tek \u015fifre ile online eri\u015febilece\u011finiz \u015fekilde entegre olarak Suadiye Bili\u015fim&#8217;den temin edebilirsiniz.<\/p>\n<h4>K\u0130MLER BULUT YEDEKLEME KULLANMALI?<\/h4>\n<ul class=\"disc-list\">\n<li>Veri taban\u0131n\u0131 ve \u00f6nemli klas\u00f6rlerini online yedeklemek isteyen her firma ve serbest meslek mensubu<\/li>\n<li>Mali M\u00fc\u015favirler<\/li>\n<li>Avukatlar<\/li>\n<li>M\u00fchendislik Ofisler<\/li>\n<li>Doktor Muayeneleri<\/li>\n<li>E-Fatura m\u00fckellefleri<\/li>\n<li>E-Ar\u015fiv Fatura m\u00fckellefleri<\/li>\n<li>E-Defter m\u00fckellefleri<\/li>\n<\/ul>\n","protected":false},"excerpt":{"rendered":"<p>T\u00fcm verilerinizin yan\u0131 s\u0131ra yasal ge\u00e7erli belgelerinizin taranm\u0131\u015f kopyalar\u0131n\u0131 da, online eri\u015fime a\u00e7\u0131k, geli\u015ftirilmi\u015f \u00fcst d\u00fczey g\u00fcvenlikle sorunsuz bir \u015fekilde yedekleyen ERP programlar\u0131yla uyumlu \u00e7al\u0131\u015fan bir Suadiye Bili\u015fim hizmetidir. NEDEN SUAD\u0130YE B\u0130L\u0130\u015e\u0130M BULUT YEDEKLEME? ANINDA ER\u0130\u015e\u0130M, KOLAY KULLANIM T\u00fcm belgelerini g\u00fcvenli bir ortamda saklayabilir, verilerinize istedi\u011finiz yerden 7\/24 ula\u015f\u0131labilir, istedi\u011finiz her an veri y\u00fckleyebilirsiniz. %98 [&hellip;]<\/p>\n","protected":false},"author":1,"featured_media":0,"parent":552,"menu_order":0,"comment_status":"closed","ping_status":"closed","template":"","meta":{"footnotes":""},"class_list":["post-1235","page","type-page","status-publish","hentry"],"_links":{"self":[{"href":"https:\/\/suadiyebilisim.com\/index.php\/wp-json\/wp\/v2\/pages\/1235","targetHints":{"allow":["GET"]}}],"collection":[{"href":"https:\/\/suadiyebilisim.com\/index.php\/wp-json\/wp\/v2\/pages"}],"about":[{"href":"https:\/\/suadiyebilisim.com\/index.php\/wp-json\/wp\/v2\/types\/page"}],"author":[{"embeddable":true,"href":"https:\/\/suadiyebilisim.com\/index.php\/wp-json\/wp\/v2\/users\/1"}],"replies":[{"embeddable":true,"href":"https:\/\/suadiyebilisim.com\/index.php\/wp-json\/wp\/v2\/comments?post=1235"}],"version-history":[{"count":4,"href":"https:\/\/suadiyebilisim.com\/index.php\/wp-json\/wp\/v2\/pages\/1235\/revisions"}],"predecessor-version":[{"id":1313,"href":"https:\/\/suadiyebilisim.com\/index.php\/wp-json\/wp\/v2\/pages\/1235\/revisions\/1313"}],"up":[{"embeddable":true,"href":"https:\/\/suadiyebilisim.com\/index.php\/wp-json\/wp\/v2\/pages\/552"}],"wp:attachment":[{"href":"https:\/\/suadiyebilisim.com\/index.php\/wp-json\/wp\/v2\/media?parent=1235"}],"curies":[{"name":"wp","href":"https:\/\/api.w.org\/{rel}","templated":true}]}}