{"id":1233,"date":"2022-02-14T20:18:09","date_gmt":"2022-02-14T20:18:09","guid":{"rendered":"https:\/\/suadiyedenetim.com.tr\/bilisim\/?page_id=1233"},"modified":"2022-02-15T21:16:10","modified_gmt":"2022-02-15T21:16:10","slug":"e-beyanname","status":"publish","type":"page","link":"https:\/\/suadiyebilisim.com\/index.php\/hizmetler\/e-beyanname\/","title":{"rendered":"E-Beyanname"},"content":{"rendered":"<p>Tan\u0131mlanan saatte do\u011frudan G\u0130B sisteminden kontrol ederek mali m\u00fc\u015favire SMS ve mail olarak bildirir. Beyannamelerin s\u00fcresinde verilmemesinden kaynaklanan \u00f6zel usuls\u00fczl\u00fck cezalar\u0131n\u0131 \u00f6nler.<\/p>\n<p>BYS mali m\u00fc\u015favirlerin beyanname ve tahakkuklar\u0131 m\u00fckelleflerine toplu olarak mail yada faks olarak g\u00f6ndermesini, bilgisayar\u0131na indirilmesini sa\u011flar.<\/p>\n<p>Mali m\u00fc\u015favirler BYS ile m\u00fckelleflerine topluca ve beyanname t\u00fcrlerine g\u00f6re SMS uyar\u0131lar\u0131 g\u00f6nderebilirler. Web tabanl\u0131 sistem sayesinde beyannamelere her yerden pratik eri\u015fim sa\u011flar.<\/p>\n<h4>E-BEYANNAME AVANTAJLARI<\/h4>\n<ul class=\"disc-list\">\n<li>H\u0131zl\u0131 ve Kolay Beyanname Haz\u0131rlama<\/li>\n<li>Hata Pay\u0131n\u0131n En Aza \u0130ndirgenmesi<\/li>\n<li>Kontrol Edilebilir Bir Sistem<\/li>\n<li>Tek Ekrandan Eri\u015fim<\/li>\n<li>Y\u00f6neticilere Raporlama Kolayl\u0131\u011f\u0131<\/li>\n<\/ul>\n","protected":false},"excerpt":{"rendered":"<p>Tan\u0131mlanan saatte do\u011frudan G\u0130B sisteminden kontrol ederek mali m\u00fc\u015favire SMS ve mail olarak bildirir. Beyannamelerin s\u00fcresinde verilmemesinden kaynaklanan \u00f6zel usuls\u00fczl\u00fck cezalar\u0131n\u0131 \u00f6nler. BYS mali m\u00fc\u015favirlerin beyanname ve tahakkuklar\u0131 m\u00fckelleflerine toplu olarak mail yada faks olarak g\u00f6ndermesini, bilgisayar\u0131na indirilmesini sa\u011flar. Mali m\u00fc\u015favirler BYS ile m\u00fckelleflerine topluca ve beyanname t\u00fcrlerine g\u00f6re SMS uyar\u0131lar\u0131 g\u00f6nderebilirler. Web tabanl\u0131 sistem [&hellip;]<\/p>\n","protected":false},"author":1,"featured_media":0,"parent":552,"menu_order":0,"comment_status":"closed","ping_status":"closed","template":"","meta":{"footnotes":""},"class_list":["post-1233","page","type-page","status-publish","hentry"],"_links":{"self":[{"href":"https:\/\/suadiyebilisim.com\/index.php\/wp-json\/wp\/v2\/pages\/1233","targetHints":{"allow":["GET"]}}],"collection":[{"href":"https:\/\/suadiyebilisim.com\/index.php\/wp-json\/wp\/v2\/pages"}],"about":[{"href":"https:\/\/suadiyebilisim.com\/index.php\/wp-json\/wp\/v2\/types\/page"}],"author":[{"embeddable":true,"href":"https:\/\/suadiyebilisim.com\/index.php\/wp-json\/wp\/v2\/users\/1"}],"replies":[{"embeddable":true,"href":"https:\/\/suadiyebilisim.com\/index.php\/wp-json\/wp\/v2\/comments?post=1233"}],"version-history":[{"count":2,"href":"https:\/\/suadiyebilisim.com\/index.php\/wp-json\/wp\/v2\/pages\/1233\/revisions"}],"predecessor-version":[{"id":1301,"href":"https:\/\/suadiyebilisim.com\/index.php\/wp-json\/wp\/v2\/pages\/1233\/revisions\/1301"}],"up":[{"embeddable":true,"href":"https:\/\/suadiyebilisim.com\/index.php\/wp-json\/wp\/v2\/pages\/552"}],"wp:attachment":[{"href":"https:\/\/suadiyebilisim.com\/index.php\/wp-json\/wp\/v2\/media?parent=1233"}],"curies":[{"name":"wp","href":"https:\/\/api.w.org\/{rel}","templated":true}]}}