{"id":1231,"date":"2022-02-14T20:17:51","date_gmt":"2022-02-14T20:17:51","guid":{"rendered":"https:\/\/suadiyedenetim.com.tr\/bilisim\/?page_id=1231"},"modified":"2022-02-17T20:02:56","modified_gmt":"2022-02-17T20:02:56","slug":"ebys","status":"publish","type":"page","link":"https:\/\/suadiyebilisim.com\/index.php\/hizmetler\/ebys\/","title":{"rendered":"Ebys"},"content":{"rendered":"<p>Elektronik Belge Y\u00f6netim Sistemi, kurumlar\u0131n faaliyetleri s\u0131ras\u0131nda olu\u015fturduklar\u0131 her t\u00fcrl\u00fc dok\u00fcmantasyonun, \u00fcretiminden nihai tasfiyesine kadar olan s\u00fcre\u00e7 i\u00e7erisinde ar\u015fivlenmesini ve y\u00f6netilmesini sa\u011flayan sistemdir.<\/p>\n<p>Suadiye Bili\u015fim EBYS, standart EBYS\u2019den farkl\u0131 olarak sadece bir ar\u015fiv ya da s\u00fcre\u00e7 yaz\u0131l\u0131m\u0131 de\u011fildir. \u0130htiyaca g\u00f6re \u015fekillendirilebilen bir \u00e7\u00f6z\u00fcm paketidir. Bu paket, m\u00fc\u015fteri etkile\u015fim y\u00f6netimini ger\u00e7ekle\u015ftiren bir i\u015f zekas\u0131d\u0131r.<\/p>\n<h4>EBYS \u0130LE NELER YAPILAB\u0130L\u0130R?<\/h4>\n<ul class=\"disc-list\">\n<li>Var olan veri kaynaklar\u0131na ba\u011flanabilir; \u0130stenildi\u011finde kurumlar, var olan t\u00fcm veri kaynaklar\u0131na (SAP, New Frame, sosyal medya, printer, taray\u0131c\u0131, telefon vb.) ba\u011flanarak dok\u00fcmanlar\u0131 s\u0131f\u0131r noktas\u0131nda olu\u015fturup i\u015fleyebilirler.<\/li>\n<li>Veri kaynaklar\u0131n\u0131 dinleyebilir; \u0130\u015fledikleri veri kaynaklar\u0131n\u0131 e-mail, faks, sms ile twitter, facebook gibi sosyal medya kanallar\u0131n\u0131 da dinleyerek, anket sistemleri, kampanya y\u00f6netim sistemleriyle beraber hareket edebilirler.<\/li>\n<li>Etkile\u015fime ge\u00e7ilebilir; Dinleyip harekete ge\u00e7ebilen diyalog sistemine, yani etkile\u015fime ge\u00e7ebilen bir alt yap\u0131ya sahiptir. Tan\u0131mlanan s\u00fcrece g\u00f6re ve hatta ba\u011fland\u0131\u011f\u0131 kaynak ve dinledi\u011fi i\u00e7eri\u011fi de\u011ferlendirerek alternatif ve paralel yollarla otomatik de\u011fi\u015febilen bir sistemdir.<\/li>\n<\/ul>\n<h4>EBYS TEMEL FONKS\u0130YONLAR<\/h4>\n<ul class=\"disc-list\">\n<li>Web tabanl\u0131 ara y\u00fcz ile mobil cihazlardan ve her mek\u00e2ndan sisteme eri\u015febilme<\/li>\n<li>\u00a0HTML 5, Ajax ara y\u00fczler, Dotnet 4.0, WCF yaz\u0131l\u0131m alt yap\u0131s\u0131yla esnek \u00e7al\u0131\u015fma<\/li>\n<li>\u00a0\u0130\u015f s\u00fcre\u00e7 otomasyonu ile tam entegrasyon<\/li>\n<li>\u00a0\u0130htiyaca g\u00f6re geli\u015ftirilebilecek profil form olu\u015fturma alt yap\u0131s\u0131<\/li>\n<li>\u00a0Yetkilendirme alt yap\u0131s\u0131 ile sistem ve bilgi g\u00fcvenli\u011fi korumas\u0131<\/li>\n<li>\u00a0Dok\u00fcmanlara ekli dosyalar ekleyebilme<\/li>\n<li>\u00a0Dok\u00fcmanlar aras\u0131nda ili\u015fki tan\u0131mlayabilme<\/li>\n<li>\u00a0Dok\u00fcman g\u00f6r\u00fcnt\u00fcleyiciler<\/li>\n<li>\u00a0Check-in \/ Check-out mekanizmas\u0131<\/li>\n<\/ul>\n<h4>\u0130NDEKSLEME<\/h4>\n<ul class=\"disc-list\">\n<li>Word, Excel, Powerpoint, PDF vb. formatlarda i\u00e7erik indeksleme<\/li>\n<li>Dok\u00fcman aramada lojik ifadeler kullanabilme<\/li>\n<li>Resimleri OCR ile otomatik indeksleme<\/li>\n<li>Image PDF leri indeksleme<\/li>\n<\/ul>\n<h4>\u00d6L\u00c7EKLENEB\u0130L\u0130RL\u0130K<\/h4>\n<ul class=\"disc-list\">\n<li>\u00a0Dok\u00fcmanlar\u0131 ister dosya sisteminde ister veri taban\u0131nda saklayabilme<\/li>\n<li>\u00a0S\u0131n\u0131rs\u0131z k\u00fct\u00fcphane olu\u015fturabilme<\/li>\n<li>\u00a0Her bir dijital k\u00fct\u00fcphaneyi farkl\u0131 depolama alanlar\u0131nda saklayabilme<\/li>\n<li>\u00a0Birden fazla veri taban\u0131 ve dosya sistemi ile entegre \u00e7al\u0131\u015fabilme<\/li>\n<li>\u00a0Milyonlarca dok\u00fcman ve terabaytlar seviyesinde depolama kapasitesi sunabilme<\/li>\n<\/ul>\n<h4>DA\u011eITIK \u00c7ALI\u015eMA VE CACHE DESTE\u011e\u0130<\/h4>\n<ul class=\"disc-list\">\n<li>\u00a0Da\u011f\u0131t\u0131k \u00e7al\u0131\u015fan organizasyonlar ile tam uyumluluk sa\u011flayabilme.<\/li>\n<li>\u00a0\u0130\u015flenen t\u00fcm veriler tek bir merkeze, veri havuzunda toplama.<\/li>\n<li>\u00a0\u015eube yap\u0131s\u0131 olan yap\u0131larda local cacheleme yap\u0131labilir.<\/li>\n<li>\u00a0Local cacheler belirli aral\u0131klarla merkezle senkronizasyon sa\u011flanarak toplanabilir.<\/li>\n<li>\u00a0D\u00fc\u015f\u00fck veri h\u0131zlar\u0131nda da y\u00fcksek performansl\u0131 \u00e7al\u0131\u015fabilme.<\/li>\n<\/ul>\n<h4>E-\u0130MZA UYUMLU YAPI<\/h4>\n<ul class=\"disc-list\">\n<li>\u00a0Yasal ge\u00e7erli yap\u0131ya sahip E-\u0130mza yap\u0131s\u0131<\/li>\n<li>\u00a0PDF dosyalar\u0131na entegre E-\u0130mza yap\u0131s\u0131<\/li>\n<li>\u00a0Olu\u015fturulan formlar\u0131 searchable PDF olarak export etme yap\u0131s\u0131<\/li>\n<li>\u00a0Belgeleri, i\u015f ak\u0131\u015f\u0131 otomasyonu ile E-\u0130mzal\u0131 onaya g\u00f6nderme yap\u0131s\u0131, say\u0131salla\u015ft\u0131rma<\/li>\n<\/ul>\n<h4>SAYISALLA\u015eTIRMA Y\u00d6NET\u0130M\u0130<\/h4>\n<ul class=\"disc-list\">\n<li>\u00a0\u00a0Dok\u00fcmanlar\u0131 h\u0131zl\u0131ca elektronik ortama aktarma<\/li>\n<li>\u00a0\u00a0Dok\u00fcmanlar\u0131 kolayca s\u0131n\u0131fland\u0131rma<\/li>\n<li>\u00a0\u00a0Dok\u00fcman y\u00f6netimine ve di\u011fer t\u00fcm operasyonel i\u015f ak\u0131\u015f\u0131 ile entegrasyon<\/li>\n<li>\u00a0\u00a0Personel verimlili\u011fini artt\u0131r\u0131r, performans\u0131n\u0131 \u00f6l\u00e7er<\/li>\n<li>\u00a0\u00a0Standart d\u0131\u015f\u0131 tarama ve dok\u00fcman olu\u015fumunu engeller<\/li>\n<li>\u00a0\u00a0H\u0131zl\u0131 taray\u0131c\u0131larla entegrasyon<\/li>\n<li>\u00a0\u00a0G\u00f6r\u00fcnt\u00fc iyile\u015ftirme \u00f6zelli\u011fi<\/li>\n<li>\u00a0\u00a0OCR ile full-text arama ve indexleme \u00f6zelli\u011fi<\/li>\n<li>\u00a0\u00a0Form i\u015fleme \u00f6zellikleri<\/li>\n<\/ul>\n<h4>NEDEN SUAD\u0130YE B\u0130L\u0130\u015e\u0130M EBYS?<\/h4>\n<h4>S\u00dcRE\u00c7 VE AR\u015e\u0130V KOLAYLI\u011eI<\/h4>\n<p>Taranm\u0131\u015f k\u00e2\u011f\u0131t dok\u00fcmanlar, fakslar, mailler, web mesajlar\u0131, sosyal medya mesajlar\u0131, JPAG dahil her formatta dijital dosyalar, tekst haline d\u00f6n\u00fc\u015f\u00fcr, sonra okunabilir ve \u00fczerine yaz\u0131labilir formatta, g\u00f6revli ki\u015filer aras\u0131nda s\u00fcre\u00e7lerde dola\u015f\u0131r, yorum ya da ba\u015fka dok\u00fcmanlar eklenebilir, paraflan\u0131r, imzalan\u0131r ve muhatab\u0131na g\u00f6nderilir.<br \/>\nS\u00fcrecin her a\u015famas\u0131nda bas\u0131labilir ve ayr\u0131 versiyon olarak ar\u015fivlenir.<\/p>\n<h4>RAPORLAMA VE ANAL\u0130Z \u0130MK\u00c2NI<\/h4>\n<p>S\u00fcrecin her a\u015famas\u0131n\u0131n ne kadar s\u00fcrd\u00fc\u011f\u00fc ve ne kaliteyle tamamland\u0131\u011f\u0131 raporlanarak analiz ve performans y\u00f6netimi sa\u011flan\u0131r.<\/p>\n<h4>G\u00dcVEN\u0130L\u0130RL\u0130K<\/h4>\n<p>S\u00fcre\u00e7teki hi\u00e7bir g\u00f6revli ki\u015fi dok\u00fcman\u0131 almad\u0131m ya da okumad\u0131m diyemez. EBYS sisteminde yasal olarak s\u00fcre\u00e7te bir ki\u015finin kendisine gelen her dok\u00fcman sonucunda, \u00abald\u0131 ve okudu\u00bb h\u00fckm\u00fc ger\u00e7ekle\u015fir.<\/p>\n<h2>BAS\u0130T KULLANIM<\/h2>\n<p>&nbsp;<\/p>\n<p>EBYS sistemiyle y\u0131llar \u00f6ncesine ait dok\u00fcmanlar; tarih, konu, g\u00f6nderen, alan, say\u0131 vb. kriterlerle saniyeler i\u00e7inde bulunabildi\u011fi gibi, dok\u00fcman i\u00e7inde ge\u00e7en birka\u00e7 kelimenin s\u0131ras\u0131z yaz\u0131lmas\u0131yla da bulunabilir. EBYS sistemiyle, ki\u015filer sadece yetkili tan\u0131mland\u0131klar\u0131 dok\u00fcmanlara eri\u015febilirler.<\/p>\n<h2>ER\u0130\u015e\u0130M KOLAYLI\u011eI<\/h2>\n<p>&nbsp;<\/p>\n<p>EBYS sisteminde bahsi ge\u00e7en t\u00fcm i\u015flevler mobil ortamda, Android, IOS ve Microsoft gibi yaz\u0131l\u0131mlarla da \u00e7al\u0131\u015fmaktad\u0131r.<\/p>\n","protected":false},"excerpt":{"rendered":"<p>Elektronik Belge Y\u00f6netim Sistemi, kurumlar\u0131n faaliyetleri s\u0131ras\u0131nda olu\u015fturduklar\u0131 her t\u00fcrl\u00fc dok\u00fcmantasyonun, \u00fcretiminden nihai tasfiyesine kadar olan s\u00fcre\u00e7 i\u00e7erisinde ar\u015fivlenmesini ve y\u00f6netilmesini sa\u011flayan sistemdir. Suadiye Bili\u015fim EBYS, standart EBYS\u2019den farkl\u0131 olarak sadece bir ar\u015fiv ya da s\u00fcre\u00e7 yaz\u0131l\u0131m\u0131 de\u011fildir. \u0130htiyaca g\u00f6re \u015fekillendirilebilen bir \u00e7\u00f6z\u00fcm paketidir. Bu paket, m\u00fc\u015fteri etkile\u015fim y\u00f6netimini ger\u00e7ekle\u015ftiren bir i\u015f zekas\u0131d\u0131r. EBYS \u0130LE [&hellip;]<\/p>\n","protected":false},"author":1,"featured_media":0,"parent":552,"menu_order":0,"comment_status":"closed","ping_status":"closed","template":"","meta":{"footnotes":""},"class_list":["post-1231","page","type-page","status-publish","hentry"],"_links":{"self":[{"href":"https:\/\/suadiyebilisim.com\/index.php\/wp-json\/wp\/v2\/pages\/1231","targetHints":{"allow":["GET"]}}],"collection":[{"href":"https:\/\/suadiyebilisim.com\/index.php\/wp-json\/wp\/v2\/pages"}],"about":[{"href":"https:\/\/suadiyebilisim.com\/index.php\/wp-json\/wp\/v2\/types\/page"}],"author":[{"embeddable":true,"href":"https:\/\/suadiyebilisim.com\/index.php\/wp-json\/wp\/v2\/users\/1"}],"replies":[{"embeddable":true,"href":"https:\/\/suadiyebilisim.com\/index.php\/wp-json\/wp\/v2\/comments?post=1231"}],"version-history":[{"count":5,"href":"https:\/\/suadiyebilisim.com\/index.php\/wp-json\/wp\/v2\/pages\/1231\/revisions"}],"predecessor-version":[{"id":1321,"href":"https:\/\/suadiyebilisim.com\/index.php\/wp-json\/wp\/v2\/pages\/1231\/revisions\/1321"}],"up":[{"embeddable":true,"href":"https:\/\/suadiyebilisim.com\/index.php\/wp-json\/wp\/v2\/pages\/552"}],"wp:attachment":[{"href":"https:\/\/suadiyebilisim.com\/index.php\/wp-json\/wp\/v2\/media?parent=1231"}],"curies":[{"name":"wp","href":"https:\/\/api.w.org\/{rel}","templated":true}]}}