{"id":1229,"date":"2022-02-14T20:17:29","date_gmt":"2022-02-14T20:17:29","guid":{"rendered":"https:\/\/suadiyedenetim.com.tr\/bilisim\/?page_id=1229"},"modified":"2022-02-17T20:02:47","modified_gmt":"2022-02-17T20:02:47","slug":"personel-tesvik-sistemi","status":"publish","type":"page","link":"https:\/\/suadiyebilisim.com\/index.php\/hizmetler\/personel-tesvik-sistemi\/","title":{"rendered":"Personel Te\u015fvik Sistemi"},"content":{"rendered":"<p><strong>PERSONEL TE\u015eV\u0130K S\u0130STEM\u0130<\/strong><\/p>\n<p>Personel Te\u015fvik Sistemi&#8217;ni kullanarak, insan kaynaklar\u0131 y\u00f6netim s\u00fcre\u00e7lerinizde SGK te\u015fviklerini hesaplayarak, sigortal\u0131 \u00e7al\u0131\u015fanlar\u0131n\u0131z\u0131n kanun kapsam\u0131nda faydalanabilece\u011fi maksimum sigorta te\u015fvik hesaplamalar\u0131n\u0131 yaparak tasarruf etmenizi sa\u011flayan ayr\u0131ca ge\u00e7mi\u015f d\u00f6nem te\u015fviklerinizi eksiksiz hesaplayarak, SGK beyannamelerinizi d\u00fc\u015f\u00fcrebilece\u011finiz bir Suadiye Bili\u015fim hizmetidir.<\/p>\n<p><strong>NEDEN SUAD\u0130YE B\u0130L\u0130\u015e\u0130M PTS?<\/strong><\/p>\n<p><strong>TE\u015eF\u0130KLERDEN MAKS\u0130MUM FAYDALANMA<\/strong><\/p>\n<p>Y\u00fcr\u00fcrl\u00fckteki t\u00fcm te\u015fvikleri analiz ederek hatas\u0131z bir \u015fekilde hesaplar ve en y\u00fcksek te\u015fvikten faydalanman\u0131z\u0131 sa\u011flar.<\/p>\n<p><strong>HER ZAMAN G\u00dcNCEL<\/strong><\/p>\n<p>De\u011fi\u015fen, g\u00fcncellenen ve yeni \u00e7\u0131kan t\u00fcm te\u015fvikler i\u00e7in h\u0131zl\u0131 entegrasyon sunar.<\/p>\n<p><strong>G\u00dcVENL\u0130K<\/strong><\/p>\n<p>T\u00fcm veri transfer i\u015flemleri 256 bit SSL \u015fifrelemesi ile yap\u0131l\u0131r. KVKK kapsam\u0131nda ki\u015fisel verileriniz korunur.<\/p>\n<p><b>BAS\u0130T ARA Y\u00dcZ<\/b><br \/>\n\u0130\u015f yerinize ya da m\u00fckelleflerinize ait t\u00fcm sicilleri tek panelden y\u00f6netmenizi, tek tu\u015fla hesaplama yapman\u0131z\u0131 ve raporlar\u0131n\u0131za eri\u015fmenizi sa\u011flar.<\/p>\n<p><strong>ANINDA ER\u0130\u015e\u0130M VE KOLAY KULLANIM<\/strong><\/p>\n<p>Bulut teknolojisinin sa\u011flam\u0131\u015f oldu\u011fu kolay eri\u015fim imk\u00e2n\u0131 ile mobil veya tablet \u00fczerinden de i\u015flem yapman\u0131z\u0131 sa\u011flar.<\/p>\n<p><strong>RAPORLAMA<\/strong><\/p>\n<p>Te\u015fvik s\u00fcresi biten \u00e7al\u0131\u015fanlar, ayl\u0131k ve y\u0131ll\u0131k te\u015fvik analizleri ve ihtiyac\u0131n\u0131z olan t\u00fcm raporlara kolayl\u0131kla eri\u015fim imk\u00e2n\u0131 sa\u011flar.<\/p>\n<p><strong>GE\u00c7M\u0130\u015eE D\u00d6N\u00dcK HESAPLAMA<\/strong><\/p>\n<p>Sisteme giri\u015f yap\u0131ld\u0131\u011f\u0131 andan itibaren ge\u00e7mi\u015f 6 ayl\u0131k te\u015fvik imkanlar\u0131n\u0131 sorgulayabilir ve eksik alm\u0131\u015f oldu\u011funuz te\u015fviklerden faydalanma imk\u00e2n\u0131 sunar.<\/p>\n<p><strong>SUAD\u0130YE B\u0130L\u0130\u015e\u0130M PTS AVANTAJLARI<\/strong><\/p>\n<ul class=\"disc-list\">\n<li>Suadiye Bili\u015fim PTS sistemi SGK primlerinden tasarruf edilmesini sa\u011flar.<\/li>\n<li>Suadiye Bili\u015fim PTS kullanmadan \u00f6nceki son 6 ay\u0131n\u0131za ait te\u015fviklerinizi hesaplayabilir ve eksik yararlanm\u0131\u015f oldu\u011funuz te\u015fvikleri talep edebilirsiniz.<\/li>\n<li>Suadiye Bili\u015fim PTS sistemi ile g\u00fcncel kanuni d\u00fczenlemeleri, y\u00fcr\u00fcrl\u00fckteki di\u011fer te\u015fvikleri takip edebilir ve faydalanabilirsiniz.<\/li>\n<\/ul>\n<p><strong>SUAD\u0130YE B\u0130L\u0130\u015e\u0130M PTS \u0130LE HANG\u0130 TE\u015eV\u0130KLERDEN FAYDALANAB\u0130L\u0130RS\u0130N\u0130Z<\/strong><\/p>\n<ul class=\"disc-list\">\n<li>%5 SGK \u0130ndiriminden Yararlan\u0131n<\/li>\n<li>6111 Say\u0131l\u0131 Sigorta Prim Te\u015fvikinden Faydalan\u0131n<\/li>\n<li>Malull\u00fck, Ya\u015fl\u0131l\u0131k ve \u00d6l\u00fcm Sigortas\u0131 \u0130\u015fveren Hissesinden 5 Puanl\u0131k \u0130ndirim<\/li>\n<li>Yurt D\u0131\u015f\u0131na G\u00f6t\u00fcr\u00fclen\/G\u00f6nderilen Sigortal\u0131lara Uygulanan 5 Puanl\u0131k<\/li>\n<li>\u0130lave 6 Puanl\u0131k Prim \u0130ndirimi<\/li>\n<li>Yat\u0131r\u0131mlarda Devlet Yard\u0131mlar\u0131 Hakk\u0131nda Kararlar Uyar\u0131nca Uygulanan Te\u015fvik<\/li>\n<li>\u0130\u015fsizlik \u00d6dene\u011fi Alanlar\u0131n \u0130stihdam\u0131 Halinde Uygulanan Prim Te\u015fviki<\/li>\n<li>Gen\u00e7, Kad\u0131n ve Mesleki Belge Sahibi Olanlar\u0131n \u0130stihdam\u0131na Y\u00f6nelik Te\u015fvik<\/li>\n<li>\u0130\u015fba\u015f\u0131 E\u011fitim Programlar\u0131n\u0131 Tamamlayanlar\u0131n \u0130stihdam\u0131na Y\u00f6nelik Te\u015fvik<\/li>\n<li>Engelli Sigortal\u0131 \u0130stihdam\u0131na Y\u00f6nelik Te\u015fvik<\/li>\n<li>Ara\u015ft\u0131rma, Geli\u015ftirme ve Tasar\u0131m Faaliyetlerine \u0130li\u015fkin Te\u015fvik<\/li>\n<li>K\u00fclt\u00fcr Yat\u0131r\u0131mlar\u0131 ve Giri\u015fimleri Hakk\u0131nda Uygulanan Sigorta Primi Te\u015fviki<\/li>\n<li>Sosyal Hizmetlerden Faydalanan \u00c7ocuklar\u0131n \u0130stihdam\u0131 Halinde Uygulanan Te\u015fvik<\/li>\n<li>Sosyal Yard\u0131m Alanlar\u0131n \u0130stihdam\u0131 Halinde Uygulanan Te\u015fvik<\/li>\n<li>Yeni Nesil Te\u015fvik<\/li>\n<li>\u00c7ok Tehlikeli S\u0131n\u0131fta Yer Alan \u0130\u015fyerlerinde \u0130\u015fsizlik Sigortas\u0131<\/li>\n<li>\u0130\u015fveren Hissesi Te\u015fviki<\/li>\n<\/ul>\n","protected":false},"excerpt":{"rendered":"<p>PERSONEL TE\u015eV\u0130K S\u0130STEM\u0130 Personel Te\u015fvik Sistemi&#8217;ni kullanarak, insan kaynaklar\u0131 y\u00f6netim s\u00fcre\u00e7lerinizde SGK te\u015fviklerini hesaplayarak, sigortal\u0131 \u00e7al\u0131\u015fanlar\u0131n\u0131z\u0131n kanun kapsam\u0131nda faydalanabilece\u011fi maksimum sigorta te\u015fvik hesaplamalar\u0131n\u0131 yaparak tasarruf etmenizi sa\u011flayan ayr\u0131ca ge\u00e7mi\u015f d\u00f6nem te\u015fviklerinizi eksiksiz hesaplayarak, SGK beyannamelerinizi d\u00fc\u015f\u00fcrebilece\u011finiz bir Suadiye Bili\u015fim hizmetidir. NEDEN SUAD\u0130YE B\u0130L\u0130\u015e\u0130M PTS? TE\u015eF\u0130KLERDEN MAKS\u0130MUM FAYDALANMA Y\u00fcr\u00fcrl\u00fckteki t\u00fcm te\u015fvikleri analiz ederek hatas\u0131z bir \u015fekilde [&hellip;]<\/p>\n","protected":false},"author":1,"featured_media":0,"parent":552,"menu_order":0,"comment_status":"closed","ping_status":"closed","template":"","meta":{"footnotes":""},"class_list":["post-1229","page","type-page","status-publish","hentry"],"_links":{"self":[{"href":"https:\/\/suadiyebilisim.com\/index.php\/wp-json\/wp\/v2\/pages\/1229","targetHints":{"allow":["GET"]}}],"collection":[{"href":"https:\/\/suadiyebilisim.com\/index.php\/wp-json\/wp\/v2\/pages"}],"about":[{"href":"https:\/\/suadiyebilisim.com\/index.php\/wp-json\/wp\/v2\/types\/page"}],"author":[{"embeddable":true,"href":"https:\/\/suadiyebilisim.com\/index.php\/wp-json\/wp\/v2\/users\/1"}],"replies":[{"embeddable":true,"href":"https:\/\/suadiyebilisim.com\/index.php\/wp-json\/wp\/v2\/comments?post=1229"}],"version-history":[{"count":4,"href":"https:\/\/suadiyebilisim.com\/index.php\/wp-json\/wp\/v2\/pages\/1229\/revisions"}],"predecessor-version":[{"id":1320,"href":"https:\/\/suadiyebilisim.com\/index.php\/wp-json\/wp\/v2\/pages\/1229\/revisions\/1320"}],"up":[{"embeddable":true,"href":"https:\/\/suadiyebilisim.com\/index.php\/wp-json\/wp\/v2\/pages\/552"}],"wp:attachment":[{"href":"https:\/\/suadiyebilisim.com\/index.php\/wp-json\/wp\/v2\/media?parent=1229"}],"curies":[{"name":"wp","href":"https:\/\/api.w.org\/{rel}","templated":true}]}}