{"id":1225,"date":"2022-02-14T20:16:53","date_gmt":"2022-02-14T20:16:53","guid":{"rendered":"https:\/\/suadiyedenetim.com.tr\/bilisim\/?page_id=1225"},"modified":"2022-02-17T20:01:38","modified_gmt":"2022-02-17T20:01:38","slug":"e-imza","status":"publish","type":"page","link":"https:\/\/suadiyebilisim.com\/index.php\/hizmetler\/e-imza\/","title":{"rendered":"E-\u0130mza"},"content":{"rendered":"<p>E-\u0130mza elektronik ortamda olu\u015fturulan dok\u00fcmanlar\u0131n imzalanmas\u0131nda kullan\u0131lan ve elektronik i\u015flemlerde g\u00f6nderilen bilginin g\u00f6nderim s\u0131ras\u0131nda de\u011fi\u015fmedi\u011fini, g\u00f6nderen ki\u015fiye ait oldu\u011funu ve ink\u00e2r edilemeyece\u011fini garantileyen say\u0131sal verilerdir.<\/p>\n<p>5070 Say\u0131l\u0131 Elektronik \u0130mza Kanunu\u2019na g\u00f6re E-\u0130mza; ba\u015fka bir elektronik veriye eklenen veya elektronik veriyle mant\u0131ksal ba\u011flant\u0131s\u0131 bulunan ve kimlik do\u011frulama amac\u0131yla kullan\u0131lan elektronik veriyi ifade eder.<\/p>\n<p>M\u00fcnhas\u0131ran imza sahibine ba\u011fl\u0131 olan, sadece imza sahibinin tasarrufunda bulunan g\u00fcvenli elektronik imza olu\u015fturma arac\u0131 ile olu\u015fturulan, nitelikli elektronik sertifikaya dayanarak imza sahibinin kimli\u011finin tespitini sa\u011flayan, imzalanm\u0131\u015f elektronik veride sonradan herhangi bir de\u011fi\u015fiklik yap\u0131l\u0131p yap\u0131lmad\u0131\u011f\u0131n\u0131n tespitini sa\u011flayan elektronik imzad\u0131r.<\/p>\n<h4>E-\u0130MZA KULLANIM ALANLARI:<\/h4>\n<ul class=\"disc-list\">\n<li>Ticari sicil kay\u0131t i\u015flemlerinde (MERS\u0130S)<\/li>\n<li>Kurumalar aras\u0131 e-posta ve E-Belge ileti\u015fiminde<\/li>\n<li>\u00c7al\u0131\u015fanlar\u0131n yasal ya da ticari \u00f6neme haiz e-posta ve E-Belge g\u00f6nderimlerinde<\/li>\n<li>S\u00f6zle\u015fmelerde ve tekliflerde<\/li>\n<li>Elektronik ar\u015fivin yasal ge\u00e7erli hale getirilmesinde<\/li>\n<li>E-Devlet uygulamalar\u0131nda<\/li>\n<li>Bayi a\u011f\u0131 sipari\u015f, mutabakat ve elektronik \u00e7ek, senet s\u00fcre\u00e7lerinde<\/li>\n<li>Genel Kurul ve y\u00f6netim kurulu kararlar\u0131nda<\/li>\n<li>Banka ve \u00f6deme talimatlar\u0131nda<\/li>\n<li>Personel elektronik bordro g\u00f6nderimlerinde<\/li>\n<li>Performans, izin, fazla mesai ve masraf gibi talep ve onay formlar\u0131nda<\/li>\n<li>Toplu imzalama ihtiya\u00e7lar\u0131nda<\/li>\n<li>\u015eirketlerin internet sitelerinde yay\u0131nlamak zorunda oldu\u011fu dok\u00fcmanlar<\/li>\n<\/ul>\n<h4>NEDEN SUAD\u0130YE B\u0130L\u0130\u015e\u0130M E-\u0130MZA<\/h4>\n<h4>\u00dcST D\u00dcZEY H\u0130ZMET ANLAYI\u015eI<\/h4>\n<p>T\u00fcrkiye\u2019nin her ilinde m\u00fc\u015fterimizin adresinde kimlik kontrol\u00fc ve kurulum hizmeti ve \u00fccretsiz teknik destek<\/p>\n<h4>JAVA BA\u011eIMSIZ<\/h4>\n<p>T\u00fcrkiye\u2019nin JAVA ba\u011f\u0131ms\u0131z E-\u0130mzas\u0131 olup t\u00fcm uygulamalarda tak \u00e7al\u0131\u015f\u0131r sistemiyle \u00e7al\u0131\u015f\u0131r<\/p>\n<h4>G\u00dcVEN\u0130L\u0130R E-\u0130MZA SERT\u0130F\u0130KA ALT YAPISI<\/h4>\n<p>Nitelikli Elektronik Sertifika \u00fczerinde olu\u015fturulan E-\u0130mza yap\u0131s\u0131<\/p>\n<h4>TAM UYUMLU<\/h4>\n<p>E-Devlet uygulamalar\u0131yla, t\u00fcm ERP ticari yaz\u0131l\u0131mlarla, EBYS ve otomasyon sistemleri ile tam uyumlu<\/p>\n<h4>G\u00dcVENL\u0130K VE KOLAY KULLANIM<\/h4>\n<p>3DS G\u00dcVENL\u0130K S\u0130STEM\u0130 Sayesinde \u00dcst\u00fcn \u015eifre G\u00fcvenli\u011fi ile Saklama ve Ulusal, uluslararas\u0131 t\u00fcm uygulamalarda ek program y\u00fcklemeden otomatik ge\u00e7erlilik sayesinde kolay kullan\u0131m<\/p>\n<h4>E-\u0130MZA ALMAK \u00c7OK KOLAY<\/h4>\n<p>Suadiye Bili\u015fim\u2019in T\u00fcrkiye\u2019nin her il ve il\u00e7esindeki 300 + temsilcili\u011fi taraf\u0131ndan \u00fcyelerin ba\u015fvuru, kurulum, e\u011fitim ve teknik servis hizmetleri, ofisinizde ve an\u0131nda E-\u0130mzan\u0131z teslim edilir.<\/p>\n<p>Ba\u015fvurunuzu web sayfam\u0131z \u00fczerinden online olarak veya en yak\u0131n ofisimize \u015fahsen ba\u015fvurarak yap\u0131n\u0131z.<\/p>\n<p>M\u00fc\u015fteri temsilcimiz taraf\u0131ndan telefonla aranarak ba\u015fvurunuz teyit edilecek ve sipari\u015f bilgileriniz al\u0131narak ilinizde bulunan Suadiye Bili\u015fim\u2019in temsilcili\u011fine y\u00f6nlendirilecektir. G\u00f6r\u00fc\u015fme sonras\u0131, ba\u015fvurunuza ve \u00f6demeye ait detay bilgiler e-posta adresinize g\u00f6nderilecektir.<\/p>\n<p>\u00d6demenizi temsilcili\u011fimize nakit, banka havalesi, kredi kart\u0131 veya kredi kart\u0131n\u0131zla yapabilirsiniz.<\/p>\n<h4>E-\u0130MZA \u0130\u00c7\u0130N GEREKL\u0130 BELGELER<\/h4>\n<h4>B\u0130REYSEL BA\u015eVURU:<\/h4>\n<p>T.C. Kimlik No \u2018sunun yaz\u0131l\u0131 oldu\u011fu kimlik veya S\u00fcr\u00fcc\u00fc Belgesi fotokopisi Nitelikli Elektronik Sertifika \u2018\u2019NES\u2019\u2019 Ba\u015fvuru Formu ve \u2018\u2019NES\u2019\u2019 Son Kullan\u0131c\u0131 Taahh\u00fctnamesi<\/p>\n<h4>KURUMSAL BA\u015eVURU:<\/h4>\n<p>T.C. Kimlik No \u2018sunun yaz\u0131l\u0131 oldu\u011fu kimlik veya S\u00fcr\u00fcc\u00fc Belgesi fotokopisi her bir kullan\u0131c\u0131 i\u00e7in Nitelikli Elektronik Sertifika \u2018\u2019NES\u2019\u2019 Ba\u015fvuru Formu ve \u2018\u2019NES\u2019\u2019 Son Kullan\u0131c\u0131 Taahh\u00fctnamesi. Ticaret Odas\u0131 Faaliyet Belgesi (ASLI) (6 ay i\u00e7inde al\u0131nm\u0131\u015f) ve \u0130mza Sirk\u00fcleri (ASLI) kurumda, \u00e7ok say\u0131da kullan\u0131c\u0131 i\u00e7in imza talebi s\u00f6z konusu oldu\u011funda ayr\u0131ca \u2018\u2019Kurumsal Ba\u015fvuru S\u00f6zle\u015fmesi\u2019\u2019 imzalan\u0131r.<\/p>\n","protected":false},"excerpt":{"rendered":"<p>E-\u0130mza elektronik ortamda olu\u015fturulan dok\u00fcmanlar\u0131n imzalanmas\u0131nda kullan\u0131lan ve elektronik i\u015flemlerde g\u00f6nderilen bilginin g\u00f6nderim s\u0131ras\u0131nda de\u011fi\u015fmedi\u011fini, g\u00f6nderen ki\u015fiye ait oldu\u011funu ve ink\u00e2r edilemeyece\u011fini garantileyen say\u0131sal verilerdir. 5070 Say\u0131l\u0131 Elektronik \u0130mza Kanunu\u2019na g\u00f6re E-\u0130mza; ba\u015fka bir elektronik veriye eklenen veya elektronik veriyle mant\u0131ksal ba\u011flant\u0131s\u0131 bulunan ve kimlik do\u011frulama amac\u0131yla kullan\u0131lan elektronik veriyi ifade eder. M\u00fcnhas\u0131ran imza sahibine [&hellip;]<\/p>\n","protected":false},"author":1,"featured_media":0,"parent":552,"menu_order":0,"comment_status":"closed","ping_status":"closed","template":"","meta":{"footnotes":""},"class_list":["post-1225","page","type-page","status-publish","hentry"],"_links":{"self":[{"href":"https:\/\/suadiyebilisim.com\/index.php\/wp-json\/wp\/v2\/pages\/1225","targetHints":{"allow":["GET"]}}],"collection":[{"href":"https:\/\/suadiyebilisim.com\/index.php\/wp-json\/wp\/v2\/pages"}],"about":[{"href":"https:\/\/suadiyebilisim.com\/index.php\/wp-json\/wp\/v2\/types\/page"}],"author":[{"embeddable":true,"href":"https:\/\/suadiyebilisim.com\/index.php\/wp-json\/wp\/v2\/users\/1"}],"replies":[{"embeddable":true,"href":"https:\/\/suadiyebilisim.com\/index.php\/wp-json\/wp\/v2\/comments?post=1225"}],"version-history":[{"count":4,"href":"https:\/\/suadiyebilisim.com\/index.php\/wp-json\/wp\/v2\/pages\/1225\/revisions"}],"predecessor-version":[{"id":1317,"href":"https:\/\/suadiyebilisim.com\/index.php\/wp-json\/wp\/v2\/pages\/1225\/revisions\/1317"}],"up":[{"embeddable":true,"href":"https:\/\/suadiyebilisim.com\/index.php\/wp-json\/wp\/v2\/pages\/552"}],"wp:attachment":[{"href":"https:\/\/suadiyebilisim.com\/index.php\/wp-json\/wp\/v2\/media?parent=1225"}],"curies":[{"name":"wp","href":"https:\/\/api.w.org\/{rel}","templated":true}]}}