{"id":1223,"date":"2022-02-14T20:15:07","date_gmt":"2022-02-14T20:15:07","guid":{"rendered":"https:\/\/suadiyedenetim.com.tr\/bilisim\/?page_id=1223"},"modified":"2022-02-17T20:01:44","modified_gmt":"2022-02-17T20:01:44","slug":"kep","status":"publish","type":"page","link":"https:\/\/suadiyebilisim.com\/index.php\/hizmetler\/kep\/","title":{"rendered":"Kep"},"content":{"rendered":"<p>Kay\u0131tl\u0131 elektronik posta (KEP); g\u00f6nderici ve al\u0131c\u0131 kimliklerinin belli oldu\u011fu, g\u00f6nderi zaman\u0131n\u0131n ve i\u00e7eri\u011fin de\u011fi\u015ftirilemedi\u011fi, uyu\u015fmazl\u0131k durumunda hukuki ge\u00e7erlili\u011fi olan g\u00fcvenli elektronik posta hizmetidir.<\/p>\n<p>KEP sisteminde g\u00f6nderi ile ilgili a\u015fa\u011f\u0131daki deliller olu\u015fturulur ve 20 y\u0131l s\u00fcreyle saklan\u0131r:<\/p>\n<ul class=\"disc-list\">\n<li>G\u00f6nderi zaman\u0131<\/li>\n<li>G\u00f6nderici ve al\u0131c\u0131 kimlikleri<\/li>\n<li>Teslim edilme zaman\u0131<\/li>\n<li>Okunma zaman\u0131<\/li>\n<li>\u0130\u00e7eri\u011fin b\u00fct\u00fcnl\u00fc\u011f\u00fc<\/li>\n<\/ul>\n<p>B\u00f6ylelikle, KEP sisteminin kullan\u0131c\u0131s\u0131 olan g\u00f6nderici, elektronik postan\u0131n kendisi taraf\u0131ndan g\u00f6nderilmedi\u011fini ve ayn\u0131 sistemin kullan\u0131c\u0131s\u0131 olan al\u0131c\u0131 ise kendisine ula\u015fmad\u0131\u011f\u0131n\u0131 iddia edememektedir. KEP sisteminin bir elektronik postan\u0131n g\u00f6ndericiden al\u0131c\u0131ya iletilmesi s\u0131ras\u0131nda meydana gelen b\u00fct\u00fcn i\u015flemlere ili\u015fkin tuttu\u011fu kay\u0131tlar delil mahiyetinde ve hukuki ge\u00e7erlili\u011fe sahip belgelerdir. B\u00f6ylece g\u00f6nderinin inkar edilebilmesi, evrakta sahtecilik gibi durumlar\u0131n \u00f6n\u00fcne ge\u00e7ilir.<\/p>\n<h4>KEP G\u00d6NDER\u0130C\u0130 VE ALICI K\u0130ML\u0130KLER\u0130 BELL\u0130D\u0130R<\/h4>\n<p>Yeni TTK ile hayat\u0131m\u0131za giren Kay\u0131tl\u0131 Elektronik Posta (KEP) g\u00fcvenli e-posta hizmetidir. KEP sisteminde elektronik imza kullan\u0131m\u0131 ki\u015finin kendisi oldu\u011funu garanti eder.<\/p>\n<h4>\u0130\u00c7ER\u0130K B\u00dcT\u00dcNL\u00dc\u011e\u00dcN\u00dc KORUR<\/h4>\n<p>G\u00f6nderinizin i\u00e7eri\u011fi sistemde tutulmaz sadece parmak izi tutulur. KEP sisteminden yollam\u0131\u015f olsayd\u0131n\u0131z s\u00f6zle\u015fmenin parmak izi kayd\u0131 ile yollad\u0131\u011f\u0131n\u0131z orijinal dosyay\u0131 ispat edebilirsiniz<\/p>\n<h4>G\u00d6NDER\u0130M, TESL\u0130M VE OKUNMA ZAMANI DE\u011e\u0130\u015eT\u0130R\u0130LEMEZ<\/h4>\n<p>G\u00f6nderim, teslim ve okunma zaman\u0131 zaman damgas\u0131 ile KEP sisteminde kay\u0131t alt\u0131na al\u0131n\u0131r ve de\u011fi\u015ftirilemez. G\u00f6nderiniz al\u0131c\u0131 taraf\u0131ndan okunmasa bile 24 saat sonunda okundu kabul edilir.<\/p>\n<h4>ZAMAN KAZANDIRIR<\/h4>\n<p>Bilgi ak\u0131\u015f\u0131n\u0131n h\u0131zl\u0131 ve g\u00fcvenli ilerlemesini sa\u011flar. Resmi ve ticari yaz\u0131\u015fmalar\u0131n h\u0131zlanmas\u0131n\u0131 sa\u011flar.<\/p>\n<h4>KULLANIM KOLAYLI\u011eI SUNAR<\/h4>\n<p>Kurum ve bireyler, \u015fahsen ula\u015ft\u0131r\u0131lmas\u0131 gereken veya i\u00e7eri\u011fin b\u00fct\u00fcnl\u00fc\u011f\u00fcn\u00fcn korunmas\u0131n\u0131 gerektiren i\u015flemleri, KEP ile bilgisayar\u0131ndaki bir tu\u015f ile kolayca yapabilir.<\/p>\n<h4>\u00c7EVREC\u0130D\u0130R<\/h4>\n<p>K\u00e2\u011f\u0131t kullan\u0131m\u0131 ortadan kald\u0131r\u0131r. \u00c7evrenin korunmas\u0131nda katk\u0131 sa\u011flar.<\/p>\n<h4>K\u0130\u015e\u0130SEL VER\u0130LER\u0130N KORUNMASINI SA\u011eLAR<\/h4>\n<p>ETSI TS 102 640, TS ISO\/ IEC 27001, BS 10012, ISO\/ IEC 27031 ve ISO 9001 standartlar\u0131na tam uyumlu evrak ak\u0131\u015f\u0131, loglama ve ar\u015fivleme sa\u011flar.<\/p>\n<h4>KEP\u2019\u0130N FAYDASI NED\u0130R?<\/h4>\n<p>KEP sisteminin kullan\u0131c\u0131s\u0131 olan g\u00f6nderici, elektronik postan\u0131n kendisi taraf\u0131ndan g\u00f6nderilmedi\u011fini ve ayn\u0131 sistemin kullan\u0131c\u0131s\u0131 olan al\u0131c\u0131 ise kendisine ula\u015fmad\u0131\u011f\u0131n\u0131 iddia edememektedir.<\/p>\n<p>KEP sisteminin bir elektronik postan\u0131n g\u00f6ndericiden al\u0131c\u0131ya iletilmesi s\u0131ras\u0131nda meydana gelen b\u00fct\u00fcn i\u015flemlere ili\u015fkin tuttu\u011fu kay\u0131tlar delil mahiyetinde ve hukuki ge\u00e7erlili\u011fe sahip belgelerdir. B\u00f6ylece g\u00f6nderinin ink\u00e2r edilebilmesi, evrakta sahtecilik gibi durumlar\u0131n \u00f6n\u00fcne ge\u00e7ilir.<\/p>\n<p>KEP adreslerinin al\u0131nmas\u0131yla \u00e7al\u0131\u015fanlar\u0131n hem kurumsal hem de bireysel yaz\u0131\u015fmalar\u0131n\u0131, poli\u00e7e i\u015flemlerini yasal ge\u00e7erli, g\u00fcvenli, h\u0131zl\u0131 ve rahat bir \u015fekilde KEP \u00fczerinden yapabilirler.<\/p>\n<p>Suadiye Bili\u015fimin sa\u011flad\u0131\u011f\u0131 KEP hizmeti farkl\u0131 sekt\u00f6rlerde b\u00fcy\u00fck kolayl\u0131k ve rahatl\u0131k getiriyor. Yaz\u0131\u015fmalar\u0131n\u0131n yasal ge\u00e7erli olmas\u0131na ihtiya\u00e7 duyan firmalar, art\u0131k Suadiye Bili\u015fimden alacaklar\u0131 KEP adresiyle hem ekonomik hem de \u00e7evresel fayda sa\u011fl\u0131yor.<\/p>\n<h4>KEP K\u0130MLERE ZORUNLU?<\/h4>\n<ul class=\"disc-list\">\n<li>T\u00fcrk Ticaret Kanunu madde 18\u2019de; tacirler aras\u0131nda, di\u011fer taraf\u0131 temerr\u00fcde d\u00fc\u015f\u00fcrmeye, s\u00f6zle\u015fmeyi feshe, s\u00f6zle\u015fmeden d\u00f6nmeye ili\u015fkin ihbarlar veya ihtarlar noter arac\u0131l\u0131\u011f\u0131yla, taahh\u00fctl\u00fc mektupla, telgrafla veya g\u00fcvenli elektronik imza kullan\u0131larak Kay\u0131tl\u0131 Elektronik Posta sistemi ile yap\u0131l\u0131r.<\/li>\n<\/ul>\n<ul class=\"disc-list\">\n<li>Tebligat Kanunu\u2019nda; Kay\u0131tl\u0131 Elektronik Posta noter g\u00fcc\u00fcnde, elektronik senet h\u00fckm\u00fcnde ve tebell\u00fc\u011f\u00fcn ger\u00e7ekle\u015fti\u011fine dair hakim yorumuna yer b\u0131rakmayan kesin delil olarak nitelendirilmi\u015ftir.<\/li>\n<li>Kay\u0131tl\u0131 Elektronik Posta g\u00f6nderilen taraf g\u00f6nderim zaman\u0131ndan itibaren, kurum ise 5 g\u00fcn i\u00e7inde \u015fah\u0131s ise 7 g\u00fcn i\u00e7inde tam tebell\u00fc\u011f (ald\u0131m, okudum, anlad\u0131m) yapm\u0131\u015f kabul edilir.<\/li>\n<\/ul>\n<h4>KEP HANG\u0130 ALANLARDA KULLANILIR?<\/h4>\n<p>KEP ile Tebligat, ekstre, talimat, \u00f6deme emri, bildirim, ihtar, ihbar, mutabakat, s\u00f6zle\u015fme, poli\u00e7e sat\u0131\u015f\u0131, yenileme ve iptalleri, Beyanname, bildirge, teklif, sipari\u015f, sipari\u015f onay\u0131, ba\u015fvuru, dilek\u00e7e, duyuru ve \u00e7a\u011fr\u0131lar\u0131n yap\u0131lmas\u0131 i\u015ftirak taahh\u00fctnamesi, Resmi ve \u00d6zel Kurumlarla Noter kuvvetinde ileti\u015fim \u0130K s\u00fcre\u00e7leri, \u00f6zge\u00e7mi\u015f g\u00f6nderimi\/al\u0131m\u0131 ve m\u00fc\u015fteri \u015fik\u00e2yetlerinin bildirilmesi \/ al\u0131nmas\u0131 yap\u0131labilir.<br \/>\nDi\u011fer kullan\u0131m KEP kullan\u0131m alanlar\u0131 a\u015fa\u011f\u0131daki gibidir.<\/p>\n<ul class=\"disc-list\">\n<li>Kamu yaz\u0131\u015fmalar\u0131<\/li>\n<li>Noter \u00fczerinden yap\u0131lan t\u00fcm tebli\u011f, ihtar ve ibralar<\/li>\n<li>\u0130adeli taahh\u00fctl\u00fc posta ile yap\u0131lan yaz\u0131\u015fmalar<\/li>\n<li>G\u00fcvenlik ve gizlilik gerektiren t\u00fcm yaz\u0131\u015fmalar<\/li>\n<li>Personele \u00fccret pusulas\u0131, zaman \u00e7izelgesi, ihtar, ibra ve izin onay formu gibi \u0130K dok\u00fcmanlar\u0131n\u0131n g\u00f6nderimi<\/li>\n<li>Sicil dosyas\u0131 i\u015flemleri<\/li>\n<li>Denetim ve tefti\u015f gibi t\u00fcm yaz\u0131\u015fmalar<\/li>\n<li>Genel kurul toplant\u0131 davet ve kay\u0131tlar\u0131, \u00f6nemli toplant\u0131 \u00e7a\u011fr\u0131lar\u0131, her t\u00fcrl\u00fc etkinlik daveti<\/li>\n<li>Yasal ge\u00e7erli elektronik mutabakat<\/li>\n<li>Elektronik s\u00f6zle\u015fme<\/li>\n<li>Elektronik senet<\/li>\n<li>Elektronik sipari\u015f ve sipari\u015f onay\u0131<\/li>\n<\/ul>\n","protected":false},"excerpt":{"rendered":"<p>Kay\u0131tl\u0131 elektronik posta (KEP); g\u00f6nderici ve al\u0131c\u0131 kimliklerinin belli oldu\u011fu, g\u00f6nderi zaman\u0131n\u0131n ve i\u00e7eri\u011fin de\u011fi\u015ftirilemedi\u011fi, uyu\u015fmazl\u0131k durumunda hukuki ge\u00e7erlili\u011fi olan g\u00fcvenli elektronik posta hizmetidir. KEP sisteminde g\u00f6nderi ile ilgili a\u015fa\u011f\u0131daki deliller olu\u015fturulur ve 20 y\u0131l s\u00fcreyle saklan\u0131r: G\u00f6nderi zaman\u0131 G\u00f6nderici ve al\u0131c\u0131 kimlikleri Teslim edilme zaman\u0131 Okunma zaman\u0131 \u0130\u00e7eri\u011fin b\u00fct\u00fcnl\u00fc\u011f\u00fc B\u00f6ylelikle, KEP sisteminin kullan\u0131c\u0131s\u0131 olan [&hellip;]<\/p>\n","protected":false},"author":1,"featured_media":0,"parent":552,"menu_order":0,"comment_status":"closed","ping_status":"closed","template":"","meta":{"footnotes":""},"class_list":["post-1223","page","type-page","status-publish","hentry"],"_links":{"self":[{"href":"https:\/\/suadiyebilisim.com\/index.php\/wp-json\/wp\/v2\/pages\/1223","targetHints":{"allow":["GET"]}}],"collection":[{"href":"https:\/\/suadiyebilisim.com\/index.php\/wp-json\/wp\/v2\/pages"}],"about":[{"href":"https:\/\/suadiyebilisim.com\/index.php\/wp-json\/wp\/v2\/types\/page"}],"author":[{"embeddable":true,"href":"https:\/\/suadiyebilisim.com\/index.php\/wp-json\/wp\/v2\/users\/1"}],"replies":[{"embeddable":true,"href":"https:\/\/suadiyebilisim.com\/index.php\/wp-json\/wp\/v2\/comments?post=1223"}],"version-history":[{"count":4,"href":"https:\/\/suadiyebilisim.com\/index.php\/wp-json\/wp\/v2\/pages\/1223\/revisions"}],"predecessor-version":[{"id":1318,"href":"https:\/\/suadiyebilisim.com\/index.php\/wp-json\/wp\/v2\/pages\/1223\/revisions\/1318"}],"up":[{"embeddable":true,"href":"https:\/\/suadiyebilisim.com\/index.php\/wp-json\/wp\/v2\/pages\/552"}],"wp:attachment":[{"href":"https:\/\/suadiyebilisim.com\/index.php\/wp-json\/wp\/v2\/media?parent=1223"}],"curies":[{"name":"wp","href":"https:\/\/api.w.org\/{rel}","templated":true}]}}