{"id":1221,"date":"2022-02-14T20:14:48","date_gmt":"2022-02-14T20:14:48","guid":{"rendered":"https:\/\/suadiyedenetim.com.tr\/bilisim\/?page_id=1221"},"modified":"2022-02-17T20:01:01","modified_gmt":"2022-02-17T20:01:01","slug":"e-mutabakat","status":"publish","type":"page","link":"https:\/\/suadiyebilisim.com\/index.php\/e-mutabakat\/","title":{"rendered":"E-Mutabakat"},"content":{"rendered":"<p>[vc_row][vc_column][vc_column_text]<\/p>\n<h4>YASAL GE\u00c7ERL\u0130, AKILLI VE ETK\u0130N<\/h4>\n<p>\u015eirketlerin t\u00fcm tedarik\u00e7i ve m\u00fc\u015fterilerine ait BA-BS, cari hesap, tevkifat ve fatura mutabakatlar\u0131n\u0131n ister mail ortam\u0131nda ister KEP sistemi \u00fczerinden g\u00f6ndererek yasal ge\u00e7erli bir \u015fekilde iletilmesi anlam\u0131na gelmektedir.<\/p>\n<ul>\n<li>\u0130\u015f orta\u011f\u0131 say\u0131n\u0131za g\u00f6re tercih edece\u011finizi Suadiye Bili\u015fim\u2019in ekli y\u0131ll\u0131k paketlerinden birine abone olman\u0131z durumunda t\u00fcm i\u015f ortaklar\u0131n\u0131za \u00fccretsiz KEP adresini verebiliriz. KEP adresi istemeyen i\u015f ortaklar\u0131n\u0131za mail ortam\u0131nda gerekli mutabakatlar\u0131 yapabilmektesiniz. 1 y\u0131l boyunca t\u00fcm i\u015f ortaklar\u0131n\u0131za mail ve KEP \u00fczerinden mutabakatlar\u0131n\u0131z\u0131 s\u0131n\u0131rs\u0131z bir \u015fekilde g\u00f6nderebileceksiniz. Her g\u00f6nderilecek KEP i\u00e7in i\u015f ortaklar\u0131n\u0131za SMS bildirilecektir.<\/li>\n<li><\/li>\n<\/ul>\n<ul>\n<li>KEP y\u00f6ntemini tercih etmeniz durumunda; i\u015f ortaklar\u0131n\u0131z\u0131n KEP posta adresine girerek 5 g\u00fcn i\u00e7inde yapt\u0131\u011f\u0131n\u0131z bildirimlere itiraz etmemesi durumunda \u0131slak imzayla imzalam\u0131\u015f kabul etmi\u015f say\u0131lacakt\u0131r ve t\u00fcm bu i\u015flemler i\u00e7in belirtilen paket i\u015flemleri i\u00e7in her ne nam ad\u0131nda olursa olsun ekstra bir \u00fccret \u00f6demeyeceksiniz.<\/li>\n<li><\/li>\n<\/ul>\n<ul>\n<li>Bu uygulama mutabakatlar\u0131 \u00e7\u0131karm\u0131\u015f oldu\u011funuz programa tam entegre olabilmektedir. Yani mutabakatlar\u0131 tek tu\u015fla b\u00fct\u00fcn i\u015f ortaklar\u0131n\u0131za link olarak g\u00f6nderebilmekte, i\u015f ortaklar\u0131n\u0131z\u0131n gelen linke t\u0131klayarak g\u00f6nderdikleri uygundur ya da de\u011fildir cevaplar\u0131 program\u0131n\u0131za otomatik d\u00fc\u015fmekte, uygun de\u011fildir cevab\u0131 vermeleri durumunda yapt\u0131klar\u0131 a\u00e7\u0131klamalar ve g\u00f6nderdikleri exceller sizin g\u00f6nderdi\u011finiz ile kar\u015f\u0131la\u015ft\u0131r\u0131larak eksik ve fazlal\u0131klar size ak\u0131ll\u0131 bir \u015fekilde raporlanmaktad\u0131r.<\/li>\n<\/ul>\n<h4>KURUMSAL MA\u0130L ADRES\u0130YLE MUTABAKAT<\/h4>\n<ul>\n<li>\u015eirketlerin partnerleri, bayileri, tedarik\u00e7ileri ve di\u011fer t\u00fcm i\u015f ortaklar\u0131yla hesap mutabakat\u0131 ve cari mutabakat\u0131 online sistemi \u00fczerinden ger\u00e7ekle\u015fen Suadiye Bili\u015fim uygulamas\u0131d\u0131r. Uygulama sadece mutab\u0131k olup olmad\u0131\u011f\u0131n\u0131 kontrol etmekle kalmaz, cari ekstresindeki farklar\u0131 da bulup taraflara raporlar. T\u00fcm muhasebe programlar\u0131yla tam entegre \u00e7al\u0131\u015fan sistemdir. Ka\u015fe ve imza olmaks\u0131z\u0131n E-Mutabakat sistemi \u00fczerinden mutabakat\u0131 onaylanan faturalar\u0131n kabul\u00fc durumu; Tebligat kanununa g\u00f6re herhangi bir \u015firketin resmi sunucular\u0131ndan g\u00f6nderilen e-mail yan\u0131t\u0131 en az eski gelenekteki ka\u015fe, imza kadar ba\u011flay\u0131c\u0131d\u0131r.<\/li>\n<\/ul>\n<h4>KEP \u0130LE MUTABAKAT<\/h4>\n<ul>\n<li>\u00dcstelik Suadiye Bili\u015fim E-Mutabakat \u00fcr\u00fcn\u00fc sayesinde i\u015f ortaklar\u0131n\u0131z\u0131n KEP adreslerine de mutabakat linkini g\u00f6nderebilir, b\u00f6ylece E-Mutabakatlar\u0131n\u0131z 1. derece h\u00e2kim yorumuna gerek kalmaks\u0131z\u0131n yasal ge\u00e7erli hale gelir. Suadiye Bili\u015fim KEP ile E-Mutabakat g\u00f6nderimini en ekonomik seviyede sa\u011flayabilmek i\u00e7in E-Mutabakat paketlerini kullan\u0131c\u0131lar\u0131n\u0131n hizmetine sunmu\u015ftur.<\/li>\n<\/ul>\n<h4>K\u0130MLER E-MUTABAKAT UYGULAMASINA GE\u00c7\u0130\u015e YAPAB\u0130L\u0130R?<\/h4>\n<p>Partner, bayi, tedarik\u00e7i ve i\u015f orta\u011f\u0131 say\u0131s\u0131 fazla olan t\u00fcm \u015firketler, zaman ve para tasarrufu, ar\u015fivleme maliyeti, operasyonel i\u015f g\u00fcc\u00fcnden kurtulmak isteyen t\u00fcm \u015firketler E-Mutabakat\u2019a ge\u00e7i\u015f yapabilir.<\/p>\n<h4>E-MUTABAKAT ZORUNLU MU?<\/h4>\n<p>E-Mutabakat zorunlu de\u011fildir. G\u00f6n\u00fcll\u00fc ge\u00e7i\u015f yap\u0131labilir.<\/p>\n<h4>YASAL GE\u00c7ERL\u0130<\/h4>\n<p>Maliye Bakanl\u0131\u011f\u0131 nezdinde KEP ile g\u00f6nderilmesi durumunda yasal ge\u00e7erli kabul edilir. Denetim s\u00fcrelerini onlarca kat d\u00fc\u015f\u00fcr\u00fcr. Ticaret mahkemelerinde ve icra dairelerinde birinci dereceden yasal delil olarak kabul edilir.<\/p>\n<h4>ZAMAN VE MAL\u0130YET AVANTAJI<\/h4>\n<p>\u0130\u015f ortaklar\u0131yla yap\u0131lan BA, BS ve cari mutabakatlar\u0131n tek tek veya \u00e7oklu g\u00f6nderilmesini saniyeler i\u00e7inde yapar, zaman ve para tasarrufu sa\u011flar.<\/p>\n<p>T\u00fcm \u0130\u015f Ortaklar\u0131na her ay BA, BS ve cari ekstreler otomatik olarak g\u00f6nderilmi\u015f olur ve g\u00f6nderilen t\u00fcm mutabakatlar Suadiye Bili\u015fim sistemlerinde y\u0131llarca yedeklemeli olarak saklan\u0131r.<\/p>\n<p>Ar\u015fivleme maliyetlerini s\u0131f\u0131rlar. E-Mutabakat hizmetimiz i\u00e7in mail ile g\u00f6nderimde sat\u0131n ald\u0131\u011f\u0131n\u0131z kont\u00f6r paketleri kapsam\u0131nda \u00fccretlendirilirsiniz.KEP ile g\u00f6nderim durumunda ise i\u015f orta\u011f\u0131 say\u0131n\u0131za g\u00f6re y\u0131ll\u0131k sabit fiyat uygulanmaktad\u0131r. T\u00fcm i\u015f ortaklar\u0131n\u0131za a\u00e7\u0131lan KEP adresleri \u00fccret i\u00e7indedir. \u0130\u015f orta\u011f\u0131 ekleme ve \u00e7\u0131karmalarda yeni KEP adresleri ve g\u00f6nderiler i\u00e7in herhangi bir fiyat de\u011fi\u015fikli\u011fine gidilmemektedir.<\/p>\n<h4>G\u00dcVEN\u0130L\u0130R<\/h4>\n<p>T\u00fcrkiye\u2019nin en b\u00fcy\u00fck teknoloji \u015firketi Intertech kurulu\u015fu olan InterKEP \u00fczerinden g\u00f6nderimler saniyeler i\u00e7inde ve en y\u00fcksek g\u00fcvenlikle gider. Mutabakatlar\u0131n do\u011fru i\u015f orta\u011f\u0131na gitti\u011fine ve \u015firketle i\u015f orta\u011f\u0131 aras\u0131nda gizli kald\u0131\u011f\u0131ndan emin olursunuz.<\/p>\n<h4>ANINDA ER\u0130\u015e\u0130M<\/h4>\n<p>Mutabakatlar\u0131n\u0131z ar\u015fivleme s\u0131ras\u0131nda deforme olmaz, y\u0131llar sonra dahi belgeye online ula\u015fabilir, \u00fczerindeki yok olmayan E-\u0130mza de\u011ferinizle do\u011frulu\u011funu ispatlayabilirsiniz.<\/p>\n<h4>MUHASEBEN\u0130ZE TAM ENTEGRE<\/h4>\n<p>Resmi muhasebenize tam entegrasyon sa\u011flan\u0131r.<\/p>\n<p>E-Mutabakat sistemi entegre ve dosya aktarmal\u0131 olarak iki farkl\u0131 y\u00f6ntem ile kullan\u0131labilir.<\/p>\n<p>E\u011fer m\u00fc\u015fterimizin, m\u00fc\u015fteri ve tedarik\u00e7ileri KEP adresini kabul etmiyorsa, sistem bu partnerlerin mail adreslerine mutabakat linki g\u00f6nderecektir.<\/p>\n<ul>\n<li>Her iki y\u00f6ntemde de m\u00fc\u015fteriler, m\u00fc\u015fterilerinden ve tedarik\u00e7ilerinden gelen \u201cuygundur\u201d ya da \u201cuygun de\u011fildir\u201d cevaplar\u0131n\u0131, uygun de\u011filse a\u00e7\u0131klama ve kar\u015f\u0131 cari ekstrelerini, hem de farklar boyanm\u0131\u015f \u015fekilde g\u00f6rebileceklerdir. Mutabakat g\u00f6ndermeyen m\u00fc\u015fteri ve tedarik\u00e7i her g\u00fcn uyar\u0131lacak ve e\u011fer mutabakat KEP ile g\u00f6nderildiyse cevap vermeyen m\u00fc\u015fteri ya da tedarik\u00e7i 5.g\u00fcn sonunda ald\u0131 kabul etti hukuki sonucunu do\u011furacakt\u0131r. Mail ile g\u00f6nderilen mutabakatlar, 2.derece delil olarak yasal ge\u00e7erlidir ve muhakkak kar\u015f\u0131 taraftan uygundur cevap al\u0131nmal\u0131d\u0131r.<\/li>\n<\/ul>\n<h4>HIZLI KURULUM VE 7\/24 M\u00dc\u015eTER\u0130 TEMS\u0130LC\u0130S\u0130<\/h4>\n<p>\u0130linizde sizlere \u00f6zel atanan sat\u0131\u015f ve servis temsilcili\u011fi taraf\u0131ndan t\u00fcm ba\u015fvuru, kurulum, e\u011fitim ve teknik servis destekleri sa\u011flan\u0131r. Suadiye Bili\u015fim merkezde, 7\/24 arayabilece\u011fi bir as\u0131l birde yedek m\u00fc\u015fteri temsilcisi size \u00f6zel atan\u0131r.<\/p>\n<h4>AKILLI KAR\u015eILA\u015eTIRMA VE RAPORLAMA<\/h4>\n<p>T\u00fcm i\u015f ortaklar\u0131n\u0131zla mutabakatlar\u0131n\u0131z i\u00e7in takip edilebilir altyap\u0131 sunar, cevaplar\u0131n sisteme kaydedilmesini sa\u011flar, mutabakat raporlar\u0131n\u0131n kolayca izlenmesi m\u00fcmk\u00fcnd\u00fcr. Uygulama sadece mutab\u0131k olup olmad\u0131\u011f\u0131n\u0131 kontrol etmekle kalmaz, cari ekstresindeki farklar\u0131 da bulup taraflara raporlar.[\/vc_column_text][\/vc_column][\/vc_row]<\/p>\n","protected":false},"excerpt":{"rendered":"<p>[vc_row][vc_column][vc_column_text] YASAL GE\u00c7ERL\u0130, AKILLI VE ETK\u0130N \u015eirketlerin t\u00fcm tedarik\u00e7i ve m\u00fc\u015fterilerine ait BA-BS, cari hesap, tevkifat ve fatura mutabakatlar\u0131n\u0131n ister mail ortam\u0131nda ister KEP sistemi \u00fczerinden g\u00f6ndererek yasal ge\u00e7erli bir \u015fekilde iletilmesi anlam\u0131na gelmektedir. \u0130\u015f orta\u011f\u0131 say\u0131n\u0131za g\u00f6re tercih edece\u011finizi Suadiye Bili\u015fim\u2019in ekli y\u0131ll\u0131k paketlerinden birine abone olman\u0131z durumunda t\u00fcm i\u015f ortaklar\u0131n\u0131za \u00fccretsiz KEP adresini [&hellip;]<\/p>\n","protected":false},"author":1,"featured_media":0,"parent":0,"menu_order":0,"comment_status":"closed","ping_status":"closed","template":"","meta":{"footnotes":""},"class_list":["post-1221","page","type-page","status-publish","hentry"],"_links":{"self":[{"href":"https:\/\/suadiyebilisim.com\/index.php\/wp-json\/wp\/v2\/pages\/1221","targetHints":{"allow":["GET"]}}],"collection":[{"href":"https:\/\/suadiyebilisim.com\/index.php\/wp-json\/wp\/v2\/pages"}],"about":[{"href":"https:\/\/suadiyebilisim.com\/index.php\/wp-json\/wp\/v2\/types\/page"}],"author":[{"embeddable":true,"href":"https:\/\/suadiyebilisim.com\/index.php\/wp-json\/wp\/v2\/users\/1"}],"replies":[{"embeddable":true,"href":"https:\/\/suadiyebilisim.com\/index.php\/wp-json\/wp\/v2\/comments?post=1221"}],"version-history":[{"count":4,"href":"https:\/\/suadiyebilisim.com\/index.php\/wp-json\/wp\/v2\/pages\/1221\/revisions"}],"predecessor-version":[{"id":1316,"href":"https:\/\/suadiyebilisim.com\/index.php\/wp-json\/wp\/v2\/pages\/1221\/revisions\/1316"}],"wp:attachment":[{"href":"https:\/\/suadiyebilisim.com\/index.php\/wp-json\/wp\/v2\/media?parent=1221"}],"curies":[{"name":"wp","href":"https:\/\/api.w.org\/{rel}","templated":true}]}}