{"id":1219,"date":"2022-02-14T20:14:31","date_gmt":"2022-02-14T20:14:31","guid":{"rendered":"https:\/\/suadiyedenetim.com.tr\/bilisim\/?page_id=1219"},"modified":"2022-02-15T20:32:00","modified_gmt":"2022-02-15T20:32:00","slug":"e-smm","status":"publish","type":"page","link":"https:\/\/suadiyebilisim.com\/index.php\/hizmetler\/e-smm\/","title":{"rendered":"E-Smm"},"content":{"rendered":"<p>[vc_row][vc_column][vc_column_text]E-Serbest Meslek Makbuzu, yeni bir belge t\u00fcr\u00fc olmay\u0131p, k\u00e2\u011f\u0131t Serbest Meslek Makbuzu ile ayn\u0131 hukuki niteliklere sahiptir.<\/p>\n<p>Elektronik Serbest Meslek Makbuzu (E-Serbest Meslek Makbuzu): elektronik belge bi\u00e7iminde olu\u015fturulmu\u015f Serbest Meslek Makbuzunu, E-Serbest Meslek Makbuzu Uygulamas\u0131: Ba\u015fkanl\u0131k taraf\u0131ndan belirlenen standartlara uygun olarak Serbest Meslek Makbuzunun elektronik ortamda olu\u015fturulmas\u0131, muhafazas\u0131, ibraz\u0131 ve raporlamas\u0131n\u0131 kapsayan uygulamay\u0131 ifade eder.<\/p>\n<p>E-Serbest Meslek Makbuzu bir sonraki g\u00fcn saat 24:00&#8217;e kadar G\u0130B\u2019e raporlan\u0131r.<\/p>\n<h4>K\u0130MLER E-SERBEST MESLEK MAKBUZUNA GE\u00c7\u0130\u015e YAPAB\u0130L\u0130R?<\/h4>\n<p>1\/1\/2018 tarihi itibariyle dileyen serbest meslek erbaplar\u0131 uygulamaya dahil olarak mesleki faaliyetlerine ili\u015fkin tahsilatlar\u0131 i\u00e7in k\u00e2\u011f\u0131t ortamda d\u00fczenlemi\u015f olduklar\u0131 Serbest Meslek Makbuzunu elektronik belge olarak elektronik ortamda d\u00fczenleyebilir, muhatab\u0131n\u0131n talebi do\u011frultusunda elektronik veya k\u00e2\u011f\u0131t ortamda iletilebilir, elektronik ortamda muhafaza edip Gelir \u0130daresi Ba\u015fkanl\u0131\u011f\u0131\u2019na elektronik ortamda raporlayabilirler.<\/p>\n<p>Serbest muhasebeci mali m\u00fc\u015favir, avukat, di\u015f hekimi, veteriner hekim, mimar, doktor, m\u00fchendis, m\u00fc\u015favir, senarist, yeminli mali m\u00fc\u015favir, dan\u0131\u015fman, ressam, yazar, bestekar, kimyager, serbest \u00f6\u011fretmen, sa\u011fl\u0131k memuru, artist, menajer, y\u00f6netmen, rehber vb. serbest meslek erbaplar\u0131 istemeleri halinde hemen ge\u00e7i\u015f yapabilir.<\/p>\n<h4>509lu Tebli\u011fde De\u011fi\u015fiklik Tasla\u011f\u0131 \u00d6zeti (14.07.2020)<\/h4>\n<ul class=\"disc-list\">\n<li>Hali haz\u0131rda ka\u011f\u0131t ortamda d\u00fczenlenmekte olan \u201cAdisyon\u201d belgesinin, elektronik ortamda e-Belge olarak d\u00fczenlenebilmesine, muhafaza ve ibraz edilebilmesine imkan sa\u011flanmakta,<\/li>\n<li>E-Fatura, e-Ar\u015fiv Fatura vb. elektronik belge uygulamalar\u0131n\u0131n yayg\u0131nla\u015fmas\u0131 ile birlikte, m\u00fckelleflerimizce idaremize verilen Form Ba ve Form Bs bildirimlerinin daha kolay ve k\u0131sa s\u00fcrede verilmesini sa\u011flamak \u00fczere, G\u0130B bilgi sistemlerinde var olan e-Fatura ve e-Ar\u015fiv Fatura verilerinden hareketle Form Ba ve Bs bildirimlerinde olmas\u0131 gereken bilgilerin bu e-Belgelerdeki bilgiler kullan\u0131larak otomatik olarak olu\u015fturularak m\u00fckelleflerimiz taraf\u0131ndan onaylanmas\u0131na imkan sa\u011flanmakta,<\/li>\n<li>Analiz ve de\u011ferlendirme s\u00fcre\u00e7lerinde etkinli\u011fi art\u0131rmak amac\u0131yla e-Fatura, e-Ar\u015fiv Fatura, e-\u0130rsaliye, e-M\u00fcstahsil Makbuzu, e-Serbest Meslek Makbuzu belgelerinde T\u00fcrkiye \u0130statistik Kurumu taraf\u0131ndan belirlenen, mal ve hizmetlere ili\u015fkin standart kod ve standart birim \u00f6l\u00e7\u00fclerinin yaz\u0131lmas\u0131 zorunlulu\u011fu getirilmekte,<\/li>\n<li>Sosyal G\u00fcvenlik Kurumunca, sa\u011fl\u0131k hizmet sunucular\u0131 (eczane, hastane, medikal malzeme sat\u0131c\u0131lar\u0131, optik\u00e7iler vb.)\u2019na y\u00f6nelik ger\u00e7ekle\u015ftirilen belge teslimi, kontrol \u00f6deme ve muhasebe s\u00fcre\u00e7lerinin u\u00e7tan uca elektronik ortama ta\u015f\u0131nmas\u0131 ve s\u00fcre\u00e7lerin kolayla\u015ft\u0131r\u0131lmas\u0131 amac\u0131yla sa\u011fl\u0131k hizmet sunucular\u0131n\u0131n e-Fatura ve e-Ar\u015fiv Fatura uygulamas\u0131na ge\u00e7i\u015f zorunlulu\u011fu \u00f6ng\u00f6r\u00fclmekte,<\/li>\n<li>Kendilerine e-Belge uygulamalar\u0131na ge\u00e7i\u015f zorunlulu\u011fu getirilen m\u00fckelleflerin, zorunluluklar\u0131n\u0131n ba\u015flayaca\u011f\u0131 tarihe kadar e-Belge uygulamalar\u0131ndan yararlanma y\u00f6ntemlerinden herhangi birini se\u00e7erek uygulamaya dahil olmamalar\u0131 halinde, \u201ce-Belge Portalleri Arac\u0131l\u0131\u011f\u0131 ile Kullan\u0131m (G\u0130B Portal A\u00c7IKLAYICI B\u0130LG\u0130 NOTU Y\u00f6ntemi)\u201dne g\u00f6re kullan\u0131c\u0131 hesaplar\u0131n\u0131n Ba\u015fkanl\u0131k taraf\u0131ndan re\u2019sen tan\u0131mlanmas\u0131na yetki verilmektedir.<\/li>\n<\/ul>\n<p>[\/vc_column_text][\/vc_column][\/vc_row]<\/p>\n","protected":false},"excerpt":{"rendered":"<p>[vc_row][vc_column][vc_column_text]E-Serbest Meslek Makbuzu, yeni bir belge t\u00fcr\u00fc olmay\u0131p, k\u00e2\u011f\u0131t Serbest Meslek Makbuzu ile ayn\u0131 hukuki niteliklere sahiptir. Elektronik Serbest Meslek Makbuzu (E-Serbest Meslek Makbuzu): elektronik belge bi\u00e7iminde olu\u015fturulmu\u015f Serbest Meslek Makbuzunu, E-Serbest Meslek Makbuzu Uygulamas\u0131: Ba\u015fkanl\u0131k taraf\u0131ndan belirlenen standartlara uygun olarak Serbest Meslek Makbuzunun elektronik ortamda olu\u015fturulmas\u0131, muhafazas\u0131, ibraz\u0131 ve raporlamas\u0131n\u0131 kapsayan uygulamay\u0131 ifade eder. [&hellip;]<\/p>\n","protected":false},"author":1,"featured_media":0,"parent":552,"menu_order":0,"comment_status":"closed","ping_status":"closed","template":"","meta":{"footnotes":""},"class_list":["post-1219","page","type-page","status-publish","hentry"],"_links":{"self":[{"href":"https:\/\/suadiyebilisim.com\/index.php\/wp-json\/wp\/v2\/pages\/1219","targetHints":{"allow":["GET"]}}],"collection":[{"href":"https:\/\/suadiyebilisim.com\/index.php\/wp-json\/wp\/v2\/pages"}],"about":[{"href":"https:\/\/suadiyebilisim.com\/index.php\/wp-json\/wp\/v2\/types\/page"}],"author":[{"embeddable":true,"href":"https:\/\/suadiyebilisim.com\/index.php\/wp-json\/wp\/v2\/users\/1"}],"replies":[{"embeddable":true,"href":"https:\/\/suadiyebilisim.com\/index.php\/wp-json\/wp\/v2\/comments?post=1219"}],"version-history":[{"count":2,"href":"https:\/\/suadiyebilisim.com\/index.php\/wp-json\/wp\/v2\/pages\/1219\/revisions"}],"predecessor-version":[{"id":1285,"href":"https:\/\/suadiyebilisim.com\/index.php\/wp-json\/wp\/v2\/pages\/1219\/revisions\/1285"}],"up":[{"embeddable":true,"href":"https:\/\/suadiyebilisim.com\/index.php\/wp-json\/wp\/v2\/pages\/552"}],"wp:attachment":[{"href":"https:\/\/suadiyebilisim.com\/index.php\/wp-json\/wp\/v2\/media?parent=1219"}],"curies":[{"name":"wp","href":"https:\/\/api.w.org\/{rel}","templated":true}]}}