{"id":1217,"date":"2022-02-14T20:12:02","date_gmt":"2022-02-14T20:12:02","guid":{"rendered":"https:\/\/suadiyedenetim.com.tr\/bilisim\/?page_id=1217"},"modified":"2022-02-15T20:30:41","modified_gmt":"2022-02-15T20:30:41","slug":"e-doviz","status":"publish","type":"page","link":"https:\/\/suadiyebilisim.com\/index.php\/hizmetler\/e-doviz\/","title":{"rendered":"E-D\u00f6viz"},"content":{"rendered":"<p>[vc_row][vc_column][vc_column_text]<strong>E-D\u00f6viz<\/strong>\u00a0Al\u0131m-Sat\u0131m Belgesi uygulamas\u0131, d\u00f6viz al\u0131m ve sat\u0131m faaliyetinde bulunan yetkili m\u00fcesseseler dahil olmak \u00fczere ilgili mevzuat gere\u011fince d\u00f6viz al\u0131m-sat\u0131m belgesi d\u00fczenleyebilen t\u00fcm m\u00fckellefler taraf\u0131ndan ka\u011f\u0131t ortamda d\u00fczenlemekte olan D\u00f6viz Al\u0131m Belgesi ve D\u00f6viz Sat\u0131m Belgesi\u2019nin, elektronik ortamda d\u00fczenlenmesi, muhatab\u0131na talebi do\u011frultusunda elektronik veya ka\u011f\u0131t ortamda iletilebilmesi, elektronik ortamda muhafaza ve ibraz edilebilmesine imkan veren uygulamad\u0131r.<\/p>\n<h4>K\u0130MLER E-D\u00d6V\u0130Z UYGULAMASINA GE\u00c7EB\u0130L\u0130R?<\/h4>\n<p>Gelir \u0130daresi Ba\u015fkanl\u0131\u011f\u0131 taraf\u0131ndan 1.1.2022 tarihinden itibaren ge\u00e7erli olmak \u00fczere t\u00fcm d\u00f6viz b\u00fcrolar\u0131na cirolar\u0131 g\u00f6zetilmeksizin E-D\u00f6viz belgesi d\u00fczenleme zorunlulu\u011fu getirilmi\u015ftir.<\/p>\n<p>Uygulama sadece d\u00f6viz al\u0131m-sat\u0131m belgeleriyle ilgili olup \u015fimdilik d\u00f6viz b\u00fcrolar\u0131n\u0131n satt\u0131\u011f\u0131 alt\u0131n \u00fcr\u00fcnlerini kapsamamaktad\u0131r.<br \/>\nHer d\u00f6viz al\u0131m- sat\u0131m i\u015flemi i\u00e7in ayr\u0131 E-Belge d\u00fczenlenmesi zorunludur.<\/p>\n<p>E-D\u00f6viz\u00a0al\u0131m- sat\u0131m belgesi zorunlu m\u00fckellefler ayn\u0131 zamanda E-Fatura, E-Ar\u015fiv Fatura m\u00fckellefli\u011fine ge\u00e7mek zorundad\u0131r.[\/vc_column_text][\/vc_column][\/vc_row]<\/p>\n","protected":false},"excerpt":{"rendered":"<p>[vc_row][vc_column][vc_column_text]E-D\u00f6viz\u00a0Al\u0131m-Sat\u0131m Belgesi uygulamas\u0131, d\u00f6viz al\u0131m ve sat\u0131m faaliyetinde bulunan yetkili m\u00fcesseseler dahil olmak \u00fczere ilgili mevzuat gere\u011fince d\u00f6viz al\u0131m-sat\u0131m belgesi d\u00fczenleyebilen t\u00fcm m\u00fckellefler taraf\u0131ndan ka\u011f\u0131t ortamda d\u00fczenlemekte olan D\u00f6viz Al\u0131m Belgesi ve D\u00f6viz Sat\u0131m Belgesi\u2019nin, elektronik ortamda d\u00fczenlenmesi, muhatab\u0131na talebi do\u011frultusunda elektronik veya ka\u011f\u0131t ortamda iletilebilmesi, elektronik ortamda muhafaza ve ibraz edilebilmesine imkan veren uygulamad\u0131r. [&hellip;]<\/p>\n","protected":false},"author":1,"featured_media":0,"parent":552,"menu_order":0,"comment_status":"closed","ping_status":"closed","template":"","meta":{"footnotes":""},"class_list":["post-1217","page","type-page","status-publish","hentry"],"_links":{"self":[{"href":"https:\/\/suadiyebilisim.com\/index.php\/wp-json\/wp\/v2\/pages\/1217","targetHints":{"allow":["GET"]}}],"collection":[{"href":"https:\/\/suadiyebilisim.com\/index.php\/wp-json\/wp\/v2\/pages"}],"about":[{"href":"https:\/\/suadiyebilisim.com\/index.php\/wp-json\/wp\/v2\/types\/page"}],"author":[{"embeddable":true,"href":"https:\/\/suadiyebilisim.com\/index.php\/wp-json\/wp\/v2\/users\/1"}],"replies":[{"embeddable":true,"href":"https:\/\/suadiyebilisim.com\/index.php\/wp-json\/wp\/v2\/comments?post=1217"}],"version-history":[{"count":3,"href":"https:\/\/suadiyebilisim.com\/index.php\/wp-json\/wp\/v2\/pages\/1217\/revisions"}],"predecessor-version":[{"id":1284,"href":"https:\/\/suadiyebilisim.com\/index.php\/wp-json\/wp\/v2\/pages\/1217\/revisions\/1284"}],"up":[{"embeddable":true,"href":"https:\/\/suadiyebilisim.com\/index.php\/wp-json\/wp\/v2\/pages\/552"}],"wp:attachment":[{"href":"https:\/\/suadiyebilisim.com\/index.php\/wp-json\/wp\/v2\/media?parent=1217"}],"curies":[{"name":"wp","href":"https:\/\/api.w.org\/{rel}","templated":true}]}}