{"id":1215,"date":"2022-02-14T20:11:19","date_gmt":"2022-02-14T20:11:19","guid":{"rendered":"https:\/\/suadiyedenetim.com.tr\/bilisim\/?page_id=1215"},"modified":"2022-02-17T20:00:45","modified_gmt":"2022-02-17T20:00:45","slug":"e-bilet","status":"publish","type":"page","link":"https:\/\/suadiyebilisim.com\/index.php\/hizmetler\/e-bilet\/","title":{"rendered":"E-Bilet"},"content":{"rendered":"<p>[vc_row][vc_column][vc_column_text]Suadiye Bili\u015fim Elektronik Bilet, al\u0131c\u0131s\u0131na elektronik ara\u00e7lar vas\u0131tas\u0131yla g\u00f6nderilmek \u00fczere belge bi\u00e7iminde olu\u015fturulmu\u015f elektronik bileti ifade etmektedir.<\/p>\n<p>Kara ve deniz yolu ile \u015fehirleraras\u0131 ve uluslararas\u0131 yolcu ta\u015f\u0131mac\u0131l\u0131\u011f\u0131nda Suadiye Bili\u015fim Elektronik Bilet kullan\u0131m\u0131 ba\u015flam\u0131\u015ft\u0131r. Ayr\u0131ca kara yolu yolcu ta\u015f\u0131mac\u0131l\u0131\u011f\u0131 yapanlar elektronik yolcu listesini Suadiye Bili\u015fim E-Bilet hizmeti ile d\u00fczenleyebileceklerdir.<\/p>\n<p>M\u00fckellefler E-Bilet Uygulamas\u0131n\u0131, kendi bilgi i\u015flem sistemleri \u00fczerinden veya Ba\u015fkanl\u0131ktan E-Bilet izni alm\u0131\u015f \u00f6zel entegrat\u00f6r bilgi i\u015flem sistemi \u00fczerinden olmak \u00fczere iki y\u00f6ntemle kullanabileceklerdir.<\/p>\n<h4>K\u0130MLER E-B\u0130LET UYGULAMASINA GE\u00c7\u0130\u015e YAPAB\u0130L\u0130R?<\/h4>\n<p>Halihaz\u0131rda k\u00e2\u011f\u0131t ortamda bilet d\u00fczenleyen b\u00fct\u00fcn i\u015fletmeler elektronik ortamda bilet d\u00fczenleyerek E-Bilet uygulamas\u0131na ge\u00e7i\u015f yapabilir. M\u00fc\u015fterilerine bunlar\u0131 elektronik ortamda iletebilir ve bu biletleri elektronik ortamda ilgili mevzuat h\u00fck\u00fcmleri \u00e7er\u00e7evesinde en az 10 y\u0131l boyunca saklayabilirler.\u00d6rne\u011fin; sinema, tiyatro, konser, spor gibi her \u00e7e\u015fit etkinlikler ile kara, deniz ve hava yolu ta\u015f\u0131mac\u0131l\u0131\u011f\u0131 ile \u015fehirler aras\u0131 veya uluslararas\u0131 yolcu ta\u015f\u0131mac\u0131l\u0131\u011f\u0131 konusunda faaliyet g\u00f6steren firmalar\u0131n Suadiye Bili\u015fim Elektronik Bilet uygulamas\u0131n\u0131n avantajlar\u0131ndan faydalanmas\u0131 m\u00fcmk\u00fcnd\u00fcr.<\/p>\n<h4>509lu Tebli\u011fde De\u011fi\u015fiklik Tasla\u011f\u0131 \u00d6zeti (14.07.2020)<\/h4>\n<ul class=\"disc-list\">\n<li>Hali haz\u0131rda ka\u011f\u0131t ortamda d\u00fczenlenmekte olan \u201cAdisyon\u201d belgesinin, elektronik ortamda e-Belge olarak d\u00fczenlenebilmesine, muhafaza ve ibraz edilebilmesine imkan sa\u011flanmakta,<\/li>\n<li>E-Fatura, e-Ar\u015fiv Fatura vb. elektronik belge uygulamalar\u0131n\u0131n yayg\u0131nla\u015fmas\u0131 ile birlikte, m\u00fckelleflerimizce idaremize verilen Form Ba ve Form Bs bildirimlerinin daha kolay ve k\u0131sa s\u00fcrede verilmesini sa\u011flamak \u00fczere, G\u0130B bilgi sistemlerinde var olan e-Fatura ve e-Ar\u015fiv Fatura verilerinden hareketle Form Ba ve Bs bildirimlerinde olmas\u0131 gereken bilgilerin bu e-Belgelerdeki bilgiler kullan\u0131larak otomatik olarak olu\u015fturularak m\u00fckelleflerimiz taraf\u0131ndan onaylanmas\u0131na imkan sa\u011flanmakta,<\/li>\n<li>Analiz ve de\u011ferlendirme s\u00fcre\u00e7lerinde etkinli\u011fi art\u0131rmak amac\u0131yla e-Fatura, e-Ar\u015fiv Fatura, e-\u0130rsaliye, e-M\u00fcstahsil Makbuzu, e-Serbest Meslek Makbuzu belgelerinde T\u00fcrkiye \u0130statistik Kurumu taraf\u0131ndan belirlenen, mal ve hizmetlere ili\u015fkin standart kod ve standart birim \u00f6l\u00e7\u00fclerinin yaz\u0131lmas\u0131 zorunlulu\u011fu getirilmekte,<\/li>\n<li>Sosyal G\u00fcvenlik Kurumunca, sa\u011fl\u0131k hizmet sunucular\u0131 (eczane, hastane, medikal malzeme sat\u0131c\u0131lar\u0131, optik\u00e7iler vb.)\u2019na y\u00f6nelik ger\u00e7ekle\u015ftirilen belge teslimi, kontrol \u00f6deme ve muhasebe s\u00fcre\u00e7lerinin u\u00e7tan uca elektronik ortama ta\u015f\u0131nmas\u0131 ve s\u00fcre\u00e7lerin kolayla\u015ft\u0131r\u0131lmas\u0131 amac\u0131yla sa\u011fl\u0131k hizmet sunucular\u0131n\u0131n e-Fatura ve e-Ar\u015fiv Fatura uygulamas\u0131na ge\u00e7i\u015f zorunlulu\u011fu \u00f6ng\u00f6r\u00fclmekte,<\/li>\n<li>Kendilerine e-Belge uygulamalar\u0131na ge\u00e7i\u015f zorunlulu\u011fu getirilen m\u00fckelleflerin, zorunluluklar\u0131n\u0131n ba\u015flayaca\u011f\u0131 tarihe kadar e-Belge uygulamalar\u0131ndan yararlanma y\u00f6ntemlerinden herhangi birini se\u00e7erek uygulamaya dahil olmamalar\u0131 halinde, \u201ce-Belge Portalleri Arac\u0131l\u0131\u011f\u0131 ile Kullan\u0131m (G\u0130B Portal A\u00c7IKLAYICI B\u0130LG\u0130 NOTU Y\u00f6ntemi)\u201dne g\u00f6re kullan\u0131c\u0131 hesaplar\u0131n\u0131n Ba\u015fkanl\u0131k taraf\u0131ndan re\u2019sen tan\u0131mlanmas\u0131na yetki verilmektedir.<\/li>\n<\/ul>\n<h4>ELEKTRON\u0130K B\u0130LET S\u00dcRE\u00c7LER\u0130<\/h4>\n<p>Elektronik biletlerin; elektronik ortamda d\u00fczenlenmesi, internet de d\u00e2hil olmak \u00fczere elektronik ara\u00e7lar ve ortamlar vas\u0131tas\u0131yla iletilmesi, muhafazas\u0131 ve ibraz\u0131 esast\u0131r.<\/p>\n<p>Ancak muhatab\u0131 taraf\u0131ndan istenilmesi h\u00e2linde, izin alan m\u00fckellefler, d\u00fczenledikleri elektronik biletlerini merkez, \u015fube ve acentelerinden k\u00e2\u011f\u0131t olarak teslim edeceklerdir.<\/p>\n<p>K\u00e2\u011f\u0131t \u00e7\u0131kt\u0131n\u0131n verilmesi halinde ayr\u0131ca merkez, \u015fube veya acente taraf\u0131ndan imzalan\u0131p ka\u015felenmesine gerek bulunmamaktad\u0131r. Muhatab\u0131 taraf\u0131ndan istenilmesi halinde elektronik bilet d\u00fczenleme izni alan seyahat firmalar\u0131 elektronik biletleri mali m\u00fch\u00fcr veya g\u00fcvenli elektronik imza ile imzalayarak elektronik ara\u00e7lar ve ortamlar vas\u0131tas\u0131yla teslim edeceklerdir.<\/p>\n<p>Elektronik Biletler, k\u00e2\u011f\u0131t bask\u0131s\u0131 al\u0131nabilecek \u015fekilde yolcuya iletilmesi gerekir. Elektronik Bilet ve elektronik yolcu listelerinin d\u00fczenlendikleri g\u00fcn\u00fc takip eden g\u00fcn\u00fcn sonuna kadar m\u00fckellef ya da \u00f6zel entegrat\u00f6r taraf\u0131ndan G\u0130B sistemine y\u00fcklenmesi gerekmektedir.[\/vc_column_text][\/vc_column][\/vc_row]<\/p>\n","protected":false},"excerpt":{"rendered":"<p>[vc_row][vc_column][vc_column_text]Suadiye Bili\u015fim Elektronik Bilet, al\u0131c\u0131s\u0131na elektronik ara\u00e7lar vas\u0131tas\u0131yla g\u00f6nderilmek \u00fczere belge bi\u00e7iminde olu\u015fturulmu\u015f elektronik bileti ifade etmektedir. Kara ve deniz yolu ile \u015fehirleraras\u0131 ve uluslararas\u0131 yolcu ta\u015f\u0131mac\u0131l\u0131\u011f\u0131nda Suadiye Bili\u015fim Elektronik Bilet kullan\u0131m\u0131 ba\u015flam\u0131\u015ft\u0131r. Ayr\u0131ca kara yolu yolcu ta\u015f\u0131mac\u0131l\u0131\u011f\u0131 yapanlar elektronik yolcu listesini Suadiye Bili\u015fim E-Bilet hizmeti ile d\u00fczenleyebileceklerdir. M\u00fckellefler E-Bilet Uygulamas\u0131n\u0131, kendi bilgi i\u015flem sistemleri [&hellip;]<\/p>\n","protected":false},"author":1,"featured_media":0,"parent":552,"menu_order":0,"comment_status":"closed","ping_status":"closed","template":"","meta":{"footnotes":""},"class_list":["post-1215","page","type-page","status-publish","hentry"],"_links":{"self":[{"href":"https:\/\/suadiyebilisim.com\/index.php\/wp-json\/wp\/v2\/pages\/1215","targetHints":{"allow":["GET"]}}],"collection":[{"href":"https:\/\/suadiyebilisim.com\/index.php\/wp-json\/wp\/v2\/pages"}],"about":[{"href":"https:\/\/suadiyebilisim.com\/index.php\/wp-json\/wp\/v2\/types\/page"}],"author":[{"embeddable":true,"href":"https:\/\/suadiyebilisim.com\/index.php\/wp-json\/wp\/v2\/users\/1"}],"replies":[{"embeddable":true,"href":"https:\/\/suadiyebilisim.com\/index.php\/wp-json\/wp\/v2\/comments?post=1215"}],"version-history":[{"count":4,"href":"https:\/\/suadiyebilisim.com\/index.php\/wp-json\/wp\/v2\/pages\/1215\/revisions"}],"predecessor-version":[{"id":1315,"href":"https:\/\/suadiyebilisim.com\/index.php\/wp-json\/wp\/v2\/pages\/1215\/revisions\/1315"}],"up":[{"embeddable":true,"href":"https:\/\/suadiyebilisim.com\/index.php\/wp-json\/wp\/v2\/pages\/552"}],"wp:attachment":[{"href":"https:\/\/suadiyebilisim.com\/index.php\/wp-json\/wp\/v2\/media?parent=1215"}],"curies":[{"name":"wp","href":"https:\/\/api.w.org\/{rel}","templated":true}]}}