{"id":1209,"date":"2022-02-14T20:06:26","date_gmt":"2022-02-14T20:06:26","guid":{"rendered":"https:\/\/suadiyedenetim.com.tr\/bilisim\/?page_id=1209"},"modified":"2022-02-17T20:00:01","modified_gmt":"2022-02-17T20:00:01","slug":"e-irsaliye","status":"publish","type":"page","link":"https:\/\/suadiyebilisim.com\/index.php\/hizmetler\/e-irsaliye\/","title":{"rendered":"E-\u0130rsaliye"},"content":{"rendered":"<p>[vc_row][vc_column][vc_column_text]E-\u0130rsaliye belgesi, yeni bir belge t\u00fcr\u00fc olmay\u0131p, k\u00e2\u011f\u0131t ortamdaki \u201cSevk \u0130rsaliyesi\u201d belgesi ile ayn\u0131 hukuki niteliklere sahiptir.<\/p>\n<p>Mal hareketlerinin elektronik ortamda d\u00fczenli bir \u015fekilde izlenebilmesi amac\u0131yla, halihaz\u0131rda k\u00e2\u011f\u0131t ortamda d\u00fczenlenmekte olan \u201cSevk \u0130rsaliyesi\u201d belgesinin, elektronik belge olarak elektronik ortamda d\u00fczenlenmesi, al\u0131c\u0131s\u0131na elektronik ortamda iletilmesi ve elektronik ortamda muhafaza ve ibraz edilmesine ili\u015fkin bir elektronik belgedir.<\/p>\n<p>E-\u0130rsaliye 2 \u015fekilde uygulanacakt\u0131r. E-\u0130rsaliye m\u00fckellefine sistemden direkt g\u00f6nderme ve E-\u0130rsaliye m\u00fckellefi olmayana ortak VKN den g\u00f6nderme.<\/p>\n<p>Teknik alt yap\u0131s\u0131 ve i\u015fleyi\u015fi E-Faturaya benzer, kapal\u0131 sistemdir, yani g\u00f6ndericisi ve al\u0131c\u0131s\u0131 G\u0130B ya da \u00f6zel entegrat\u00f6r sistemlerine ba\u011flant\u0131yla g\u00f6nderir al\u0131r.<\/p>\n<p>Ge\u00e7mi\u015f d\u00f6nemlerde haz\u0131rlanan irsaliyelere ula\u015f\u0131m ya da denetim ve kontrol anlar\u0131nda, elektronik ortamda yer alan E-\u0130rsaliyelere ula\u015f\u0131m s\u00fcresi saniyelerle \u00f6l\u00e7\u00fcl\u00fcr.<\/p>\n<p>E-\u0130rsaliye \u00fczerinde barkod bulunur ve yol polisleri el terminalleri marifetiyle \u015fof\u00f6r\u00fcn cep telefonundaki dijital ya da ka\u011f\u0131t barkodu okutarak irsaliyenin detaylar\u0131na ula\u015f\u0131rlar.<\/p>\n<p>E-\u0130rsaliye kamyonlar\u0131n plaka bilgileri ile e\u015fle\u015fik ve a\u011f\u0131rl\u0131k \u00f6l\u00e7me istasyonlar\u0131 ile entegre olaca\u011f\u0131ndan kamyonlar durdurulmadan da nakliye yap\u0131labileceklerdir.<\/p>\n<p>Suadiye Bili\u015fim olarak G\u0130B taraf\u0131nda yay\u0131nlanan E-\u0130rsaliye uygulamas\u0131 i\u00e7in en k\u00fc\u00e7\u00fck m\u00fckelleften en b\u00fcy\u00fck m\u00fckellefe kadar kolayl\u0131kla anla\u015f\u0131l\u0131r \u00f6zet bir tablo olu\u015fturduk. E- \u0130rsaliye \u00f6zellikle T\u00fcrkiye g\u0131da sekt\u00f6r\u00fcnde \u00e7ok yo\u011fun olarak kullan\u0131lacakt\u0131r. Kurumumuz Suadiye Bili\u015fim bu sekt\u00f6r\u00fcn %90 \u00fczeri firmas\u0131na E- D\u00f6n\u00fc\u015f\u00fcm hizmetlerini sunmaktad\u0131r. Bu tabloda al\u0131nan \u00f6rnek \u00f6zellikle G\u0131da Sekt\u00f6r\u00fc olmu\u015ftur.<\/p>\n<p>&nbsp;<\/p>\n<table border=\"0\" width=\"100%\" cellspacing=\"0\" cellpadding=\"10\">\n<tbody>\n<tr>\n<th bgcolor=\"#aeaaa9\" width=\"10%\">Sat\u0131\u015f \u015eekli<\/th>\n<th bgcolor=\"#a5a5a5\" width=\"20%\">Sat\u0131c\u0131<\/th>\n<th bgcolor=\"#a5a5a5\" width=\"25%\">M\u00fc\u015fteri<\/th>\n<th bgcolor=\"#5a9bd5\" width=\"30%\">\u0130rsaliye<\/th>\n<th bgcolor=\"#5a9bd5\" width=\"15%\">Fatura<\/th>\n<\/tr>\n<tr>\n<td bgcolor=\"#aeaaa9\">So\u011fuk Sat\u0131\u015f<\/td>\n<td bgcolor=\"#dbdbdb\">e-Fatura, e-Ar\u015fiv Fatura, e-\u0130rsaliye<\/td>\n<td bgcolor=\"#dbdbdb\">e-D\u00f6n\u00fc\u015f\u00fcm m\u00fckellefi de\u011fil<\/td>\n<td bgcolor=\"#dbdbdb\">e-\u0130rsaliye M\u00fc\u015fteri ad\u0131na olu\u015fturulacak, G\u0130B 3900892152 ortak VKN sine gidecek.<\/td>\n<td bgcolor=\"#dbdbdb\">e-Ar\u015fiv Fatura<\/td>\n<\/tr>\n<tr>\n<td bgcolor=\"#aeaaa9\">So\u011fuk Sat\u0131\u015f<\/td>\n<td bgcolor=\"#ededed\">e-Fatura, e-Ar\u015fiv Fatura, e-\u0130rsaliye<\/td>\n<td bgcolor=\"#ededed\">e-Fatura, e-Ar\u015fiv Fatura<\/td>\n<td bgcolor=\"#ededed\">e-\u0130rsaliye M\u00fc\u015fteri ad\u0131na olu\u015fturulacak, G\u0130B 3900892152 ortak VKN sine gidecek.<\/td>\n<td bgcolor=\"#ededed\">e-Fatura<\/td>\n<\/tr>\n<tr>\n<td bgcolor=\"#aeaaa9\">So\u011fuk Sat\u0131\u015f<\/td>\n<td bgcolor=\"#dbdbdb\">e-Fatura, e-Ar\u015fiv Fatura, e-\u0130rsaliye<\/td>\n<td bgcolor=\"#dbdbdb\">e-Fatura, e-Ar\u015fiv Fatura, e-\u0130rsaliye<\/td>\n<td bgcolor=\"#dbdbdb\">e-\u0130rsaliye M\u00fc\u015fteri ad\u0131na olu\u015fturulacak ve G\u0130B\u2019e M\u00fc\u015fteri ad\u0131na gidecek.<\/td>\n<td bgcolor=\"#dbdbdb\">e-Fatura<\/td>\n<\/tr>\n<tr>\n<td bgcolor=\"#aeaaa9\">S\u0131cak Sat\u0131\u015f<\/td>\n<td bgcolor=\"#ededed\">e-Fatura, e-Ar\u015fiv Fatura, e-\u0130rsaliye<\/td>\n<td bgcolor=\"#ededed\">e-D\u00f6n\u00fc\u015f\u00fcm m\u00fckellefi de\u011fil<\/td>\n<td bgcolor=\"#ededed\">Depodan \u00e7\u0131k\u0131\u015f an\u0131nda toplu e-\u0130rsaliye (5555555555 ad\u0131na muhtelif m\u00fc\u015fteriler olarak) olu\u015fturulacak.<\/td>\n<td bgcolor=\"#ededed\">e-Ar\u015fiv Fatura + \u00e7\u0131kt\u0131<\/td>\n<\/tr>\n<tr>\n<td bgcolor=\"#aeaaa9\">S\u0131cak Sat\u0131\u015f<\/td>\n<td bgcolor=\"#dbdbdb\">e-Fatura, e-Ar\u015fiv Fatura, e-\u0130rsaliye<\/td>\n<td bgcolor=\"#dbdbdb\">e-Fatura, e-Ar\u015fiv Fatura<\/td>\n<td bgcolor=\"#dbdbdb\">Depodan \u00e7\u0131k\u0131\u015f an\u0131nda toplu e-\u0130rsaliye (5555555555 ad\u0131na muhtelif m\u00fc\u015fteriler olarak) olu\u015fturulacak.<br \/>\nSonra teslimat esnas\u0131nda e-\u0130rsaliye m\u00fc\u015fteri ad\u0131na olu\u015fturulacak, G\u0130B 3900892152 ortak VKN sine gidecek.<\/td>\n<td bgcolor=\"#dbdbdb\">e-Fatura veya e-Ar\u015fiv Fatura + \u00e7\u0131kt\u0131<\/td>\n<\/tr>\n<tr>\n<td bgcolor=\"#aeaaa9\">S\u0131cak Sat\u0131\u015f<\/td>\n<td bgcolor=\"#ededed\">e-Fatura, e-Ar\u015fiv Fatura, e-\u0130rsaliye<\/td>\n<td bgcolor=\"#ededed\">e-Fatura, e-Ar\u015fiv Fatura, e-\u0130rsaliye<\/td>\n<td bgcolor=\"#ededed\">Depodan \u00e7\u0131k\u0131\u015f an\u0131nda toplu e-\u0130rsaliye (5555555555 ad\u0131na muhtelif m\u00fc\u015fteriler olarak) olu\u015fturulacak.<br \/>\nSonra teslimat esnas\u0131nda e-\u0130rsaliye m\u00fc\u015fteri ad\u0131na olu\u015fturulacak, G\u0130B 3900892152 ortak VKN sine gidecek.<\/td>\n<td bgcolor=\"#ededed\">e-Fatura veya e-Fatura + \u00e7\u0131kt\u0131<\/td>\n<\/tr>\n<\/tbody>\n<\/table>\n<p>&nbsp;<\/p>\n<h4>K\u0130MLER E-\u0130RSAL\u0130YE UYGULAMASINA GE\u00c7\u0130\u015e YAPAB\u0130L\u0130R?<\/h4>\n<p>\u0130rsaliye uygulamas\u0131 sadece mal sat\u0131\u015f\u0131 yap\u0131lan \u015firketler taraf\u0131ndan d\u00fczenlenen bir belge de\u011fildir. Bir m\u00fckellefin birden \u00e7ok i\u015f yerleri ile \u015fubeleri aras\u0131nda ta\u015f\u0131d\u0131\u011f\u0131 veya sat\u0131lmak \u00fczere bir komisyoncu veya di\u011fer bir arac\u0131ya g\u00f6nderdi\u011fi hallerde de, mal\u0131n g\u00f6nderen taraf\u0131ndan sevk irsaliyesine ba\u011flanmas\u0131 gereklidir.<\/p>\n<p>Yani E-\u0130rsaliye uygulamas\u0131na dahil olan m\u00fckellefler, birden \u00e7ok depo, ma\u011faza veya i\u015f yerine sahipse ve bu lokasyonlar aras\u0131 mal trafi\u011fi fazla ise muhatap olarak kendine E-\u0130rsaliye d\u00fczenleyebilecek ve matbu irsaliye trafi\u011finden kurtulabilecektir.<\/p>\n<p>\u015eirketlerinde sa\u011flayaca\u011f\u0131 otomasyon, kolayl\u0131klar ve s\u00fcre tasarrufu, maliyet, operasyonel i\u015f y\u00fck\u00fc nedeniyle \u00e7ok say\u0131da firman\u0131n E-\u0130rsaliye uygulamas\u0131na g\u00f6n\u00fcll\u00fc ge\u00e7i\u015f yapmas\u0131 bekleniyor.[\/vc_column_text][\/vc_column][\/vc_row]<\/p>\n","protected":false},"excerpt":{"rendered":"<p>[vc_row][vc_column][vc_column_text]E-\u0130rsaliye belgesi, yeni bir belge t\u00fcr\u00fc olmay\u0131p, k\u00e2\u011f\u0131t ortamdaki \u201cSevk \u0130rsaliyesi\u201d belgesi ile ayn\u0131 hukuki niteliklere sahiptir. Mal hareketlerinin elektronik ortamda d\u00fczenli bir \u015fekilde izlenebilmesi amac\u0131yla, halihaz\u0131rda k\u00e2\u011f\u0131t ortamda d\u00fczenlenmekte olan \u201cSevk \u0130rsaliyesi\u201d belgesinin, elektronik belge olarak elektronik ortamda d\u00fczenlenmesi, al\u0131c\u0131s\u0131na elektronik ortamda iletilmesi ve elektronik ortamda muhafaza ve ibraz edilmesine ili\u015fkin bir elektronik belgedir. [&hellip;]<\/p>\n","protected":false},"author":1,"featured_media":0,"parent":552,"menu_order":0,"comment_status":"closed","ping_status":"closed","template":"","meta":{"footnotes":""},"class_list":["post-1209","page","type-page","status-publish","hentry"],"_links":{"self":[{"href":"https:\/\/suadiyebilisim.com\/index.php\/wp-json\/wp\/v2\/pages\/1209","targetHints":{"allow":["GET"]}}],"collection":[{"href":"https:\/\/suadiyebilisim.com\/index.php\/wp-json\/wp\/v2\/pages"}],"about":[{"href":"https:\/\/suadiyebilisim.com\/index.php\/wp-json\/wp\/v2\/types\/page"}],"author":[{"embeddable":true,"href":"https:\/\/suadiyebilisim.com\/index.php\/wp-json\/wp\/v2\/users\/1"}],"replies":[{"embeddable":true,"href":"https:\/\/suadiyebilisim.com\/index.php\/wp-json\/wp\/v2\/comments?post=1209"}],"version-history":[{"count":5,"href":"https:\/\/suadiyebilisim.com\/index.php\/wp-json\/wp\/v2\/pages\/1209\/revisions"}],"predecessor-version":[{"id":1314,"href":"https:\/\/suadiyebilisim.com\/index.php\/wp-json\/wp\/v2\/pages\/1209\/revisions\/1314"}],"up":[{"embeddable":true,"href":"https:\/\/suadiyebilisim.com\/index.php\/wp-json\/wp\/v2\/pages\/552"}],"wp:attachment":[{"href":"https:\/\/suadiyebilisim.com\/index.php\/wp-json\/wp\/v2\/media?parent=1209"}],"curies":[{"name":"wp","href":"https:\/\/api.w.org\/{rel}","templated":true}]}}