{"id":1205,"date":"2022-02-14T20:05:55","date_gmt":"2022-02-14T20:05:55","guid":{"rendered":"https:\/\/suadiyedenetim.com.tr\/bilisim\/?page_id=1205"},"modified":"2022-02-14T21:41:21","modified_gmt":"2022-02-14T21:41:21","slug":"e-fatura","status":"publish","type":"page","link":"https:\/\/suadiyebilisim.com\/index.php\/hizmetler\/e-fatura\/","title":{"rendered":"E-Fatura"},"content":{"rendered":"<p>[vc_row][vc_column][vc_custom_heading text=&#8221;E-Fatura&#8221; font_container=&#8221;tag:h4|text_align:left&#8221; use_theme_fonts=&#8221;yes&#8221;][vc_column_text]K\u00e2\u011f\u0131t faturan\u0131n kar\u015f\u0131l\u0131\u011f\u0131 bilgileri i\u00e7eren, uluslararas\u0131 bir formatta (UBL) standart hale getirilmi\u015f, de\u011fi\u015ftirilemez bir \u015fekilde m\u00fch\u00fcrlenmi\u015f, k\u00e2\u011f\u0131t fatura ile ayn\u0131 hukuki niteliklere sahip elektronik belgedir.<\/p>\n<p><strong title=\"e-fatura\">E-Fatura<\/strong> ile faturalar\u0131n\u0131z\u0131 elektronik ortamda g\u00fcvenli olarak g\u00f6nderip, alabilir, faturalar\u0131n\u0131z\u0131 10 y\u0131l boyunca yasal ge\u00e7erli ve yedeklemeli saklayabilir ve online olarak g\u00f6r\u00fcnt\u00fcleyebilirsiniz. E-Fatura sistemi ile k\u00e2\u011f\u0131t, bask\u0131, kargo ve t\u00fcm operasyonel masraflar\u0131n\u0131z\u0131 minimum seviyeye indirebilirsiniz.<\/p>\n<p>M\u00fckellefler\u00a0<strong title=\"e-ar\u015fiv fatura\">E-Ar\u015fiv Fatura<\/strong>\u00a0Uygulamas\u0131n\u0131, kendi bilgi i\u015flem sistemi veya Gelir \u0130daresi Ba\u015fkanl\u0131\u011f\u0131\u2019ndan izin alm\u0131\u015f \u00f6zel entegrat\u00f6r bilgi i\u015flem sistemi \u00fczerinden olmak \u00fczere iki y\u00f6ntemle kullanabilirler.<\/p>\n<h4>E-FATURA \u0130LE E-AR\u015e\u0130V FATURA ARASINDAK\u0130 FARK NED\u0130R?<\/h4>\n<ul>\n<li>E-Fatura sadece E-Faturaya ge\u00e7mi\u015f m\u00fckelleflere g\u00f6nderilir.<\/li>\n<li>E-Ar\u015fiv Fatura, E-Fatura ge\u00e7meyen t\u00fcm kurumlara ve bireylere g\u00f6nderilir.<\/li>\n<li>E-Fatura G\u0130B \u00fczerinden muhatab\u0131na E-Fatura kapal\u0131 devre sistem \u00fczerinden ula\u015ft\u0131r\u0131l\u0131r, G\u00f6nderici ve al\u0131c\u0131 bu sistem \u00fczerinden kullan\u0131c\u0131lar\u0131yla i\u015flem yapabilirler, dolay\u0131s\u0131yla G\u0130B an\u0131nda haberdar olur, iptal edilemez, ancak muhatap ret ya da iade yapabilir.<\/li>\n<li>E-Ar\u015fiv Fatura muhatab\u0131na mail ya da SMS ile ula\u015ft\u0131r\u0131l\u0131r, G\u0130B\u2019e bir sonraki g\u00fcn saat 24:00&#8242; de kadar raporlan\u0131r.<\/li>\n<\/ul>\n<h4>K\u0130MLER E-FATURA VE E-AR\u015e\u0130V FATURA UYGULAMASINA GE\u00c7EB\u0130L\u0130R?<\/h4>\n<p>Herhangi bir ciro ya da fatura miktar s\u0131n\u0131rlamas\u0131 olmaks\u0131z\u0131n isteyen firma diledi\u011fi zaman E-Faturaya ge\u00e7ebilir. \u0130ki t\u00fcr E-Fatura kullan\u0131c\u0131s\u0131 vard\u0131r;<\/p>\n<p>Birinci t\u00fcr kullan\u0131c\u0131lar zorunluluk kapsam\u0131nda E-Faturaya ge\u00e7i\u015f yapan kullan\u0131c\u0131lar. E\u011fer siz de devlet taraf\u0131ndan a\u00e7\u0131klanan y\u0131ll\u0131k ciro limitini a\u015ft\u0131ysan\u0131z, zorunlu E-Fatura m\u00fckellefi olursunuz ve takip eden sene ba\u015f\u0131 itibariyle E-Faturaya ge\u00e7i\u015finizi tamamlaman\u0131z gerekmektedir.<\/p>\n<p>\u0130kinci t\u00fcr ise g\u00f6n\u00fcll\u00fc\u00a0<em>E-Fatura<\/em>\u00a0kullan\u0131c\u0131s\u0131d\u0131r. \u00d6zellikle E-Ticaret yapan, kargo ile fatura g\u00f6nderen, yeni i\u015f kurup fatura ve k\u00e2\u011f\u0131t masraf\u0131ndan tasarruf etmek isteyen, ar\u015fivleme, operasyonel i\u015f g\u00fcc\u00fcn\u00fc azaltmak isteyen ve profesyonellik kazanmak isteyen i\u015fletmeler sa\u011flad\u0131\u011f\u0131 avantajlardan dolay\u0131 E-Faturay\u0131 tercih eden t\u00fcm firmalar E-Faturaya ge\u00e7i\u015f yapabilir.[\/vc_column_text][\/vc_column][\/vc_row]<\/p>\n","protected":false},"excerpt":{"rendered":"<p>[vc_row][vc_column][vc_custom_heading text=&#8221;E-Fatura&#8221; font_container=&#8221;tag:h4|text_align:left&#8221; use_theme_fonts=&#8221;yes&#8221;][vc_column_text]K\u00e2\u011f\u0131t faturan\u0131n kar\u015f\u0131l\u0131\u011f\u0131 bilgileri i\u00e7eren, uluslararas\u0131 bir formatta (UBL) standart hale getirilmi\u015f, de\u011fi\u015ftirilemez bir \u015fekilde m\u00fch\u00fcrlenmi\u015f, k\u00e2\u011f\u0131t fatura ile ayn\u0131 hukuki niteliklere sahip elektronik belgedir. E-Fatura ile faturalar\u0131n\u0131z\u0131 elektronik ortamda g\u00fcvenli olarak g\u00f6nderip, alabilir, faturalar\u0131n\u0131z\u0131 10 y\u0131l boyunca yasal ge\u00e7erli ve yedeklemeli saklayabilir ve online olarak g\u00f6r\u00fcnt\u00fcleyebilirsiniz. E-Fatura sistemi ile k\u00e2\u011f\u0131t, bask\u0131, [&hellip;]<\/p>\n","protected":false},"author":1,"featured_media":0,"parent":552,"menu_order":0,"comment_status":"closed","ping_status":"closed","template":"","meta":{"footnotes":""},"class_list":["post-1205","page","type-page","status-publish","hentry"],"_links":{"self":[{"href":"https:\/\/suadiyebilisim.com\/index.php\/wp-json\/wp\/v2\/pages\/1205","targetHints":{"allow":["GET"]}}],"collection":[{"href":"https:\/\/suadiyebilisim.com\/index.php\/wp-json\/wp\/v2\/pages"}],"about":[{"href":"https:\/\/suadiyebilisim.com\/index.php\/wp-json\/wp\/v2\/types\/page"}],"author":[{"embeddable":true,"href":"https:\/\/suadiyebilisim.com\/index.php\/wp-json\/wp\/v2\/users\/1"}],"replies":[{"embeddable":true,"href":"https:\/\/suadiyebilisim.com\/index.php\/wp-json\/wp\/v2\/comments?post=1205"}],"version-history":[{"count":4,"href":"https:\/\/suadiyebilisim.com\/index.php\/wp-json\/wp\/v2\/pages\/1205\/revisions"}],"predecessor-version":[{"id":1253,"href":"https:\/\/suadiyebilisim.com\/index.php\/wp-json\/wp\/v2\/pages\/1205\/revisions\/1253"}],"up":[{"embeddable":true,"href":"https:\/\/suadiyebilisim.com\/index.php\/wp-json\/wp\/v2\/pages\/552"}],"wp:attachment":[{"href":"https:\/\/suadiyebilisim.com\/index.php\/wp-json\/wp\/v2\/media?parent=1205"}],"curies":[{"name":"wp","href":"https:\/\/api.w.org\/{rel}","templated":true}]}}